{"id":10045,"date":"2026-02-25T11:32:27","date_gmt":"2026-02-25T10:32:27","guid":{"rendered":"https:\/\/www.klzstudio.com\/?page_id=10045"},"modified":"2026-02-25T15:37:35","modified_gmt":"2026-02-25T14:37:35","slug":"renovation-appartement-haut-de-gamme-beaulieu","status":"publish","type":"page","link":"https:\/\/www.klzstudio.com\/en\/realisations\/renovation-appartement-haut-de-gamme-beaulieu\/","title":{"rendered":""},"content":{"rendered":"<div class=\"gb-container gb-container-ca99b01d alignfull\">\n<div class=\"gb-container gb-container-9663aa82\" id=\"realisations-menu\">\n<div class=\"gb-container gb-container-fa5c3c3b\" id=\"previous-button\">\n\n<figure class=\"wp-block-image size-full is-resized\"><a href=\"https:\/\/www.klzstudio.com\/en\/realisations\/neo-retro-appartement\/\"><img decoding=\"async\" width=\"22\" height=\"34\" data-src=\"https:\/\/www.klzstudio.com\/wp-content\/uploads\/2024\/04\/left-arrow-color2.png\" alt=\"\" class=\"wp-image-8054 lazyload\" style=\"--smush-placeholder-width: 22px; --smush-placeholder-aspect-ratio: 22\/34;width:21px;height:auto\" data-srcset=\"https:\/\/www.klzstudio.com\/wp-content\/uploads\/2024\/04\/left-arrow-color2.png 22w, https:\/\/www.klzstudio.com\/wp-content\/uploads\/2024\/04\/left-arrow-color2-8x12.png 8w\" data-sizes=\"(max-width: 22px) 100vw, 22px\" src=\"data:image\/svg+xml;base64,PHN2ZyB3aWR0aD0iMSIgaGVpZ2h0PSIxIiB4bWxucz0iaHR0cDovL3d3dy53My5vcmcvMjAwMC9zdmciPjwvc3ZnPg==\" \/><\/a><\/figure>\n\n\n\n<h4 class=\"gb-headline gb-headline-49a8c995 gb-headline-text\" id=\"previous-project\"><a href=\"https:\/\/www.klzstudio.com\/en\/realisations\/palais-farnese\/\" data-type=\"page\" data-id=\"9388\">PREVIOUS PROJECT<\/a><\/h4>\n\n<\/div>\n\n<div class=\"gb-container gb-container-9969c410\">\n\n<h2 class=\"gb-headline gb-headline-9fc19c13 gb-headline-text\">R\u00e9novation appartement <\/h2>\n\n\n\n<h2 class=\"gb-headline gb-headline-bf2adc85 gb-headline-text\"><strong><strong>\u00e0&nbsp;Beaulieu sur mer<\/strong><\/strong><\/h2>\n\n<\/div>\n\n<div class=\"gb-container gb-container-f2f63728\" id=\"next-button\">\n\n<h4 class=\"gb-headline gb-headline-ca4174c3 gb-headline-text\" id=\"next-project\"><a href=\"https:\/\/www.klzstudio.com\/en\/realisations\/le_louvia_hotel\/\">NEXT PROJECT<\/a><\/h4>\n\n\n\n<figure class=\"wp-block-image size-full\"><a href=\"https:\/\/www.klzstudio.com\/en\/realisations\/palais-farnese\/\"><img decoding=\"async\" width=\"22\" height=\"34\" data-src=\"https:\/\/www.klzstudio.com\/wp-content\/uploads\/2024\/04\/right-arrow-color2.png\" alt=\"\" class=\"wp-image-8055 lazyload\" data-srcset=\"https:\/\/www.klzstudio.com\/wp-content\/uploads\/2024\/04\/right-arrow-color2.png 22w, https:\/\/www.klzstudio.com\/wp-content\/uploads\/2024\/04\/right-arrow-color2-8x12.png 8w\" data-sizes=\"(max-width: 22px) 100vw, 22px\" src=\"data:image\/svg+xml;base64,PHN2ZyB3aWR0aD0iMSIgaGVpZ2h0PSIxIiB4bWxucz0iaHR0cDovL3d3dy53My5vcmcvMjAwMC9zdmciPjwvc3ZnPg==\" style=\"--smush-placeholder-width: 22px; --smush-placeholder-aspect-ratio: 22\/34;\" \/><\/a><\/figure>\n\n<\/div>\n<\/div>\n\n<div class=\"gb-container gb-container-bb29854f\">\n\n<style>\n\n#previous-project, #next-project {\ndisplay : none;\n}\n\n\n\n  @media only screen and (min-width: 48em) {\n   \n#previous-project, #next-project {\ndisplay : block;\n}\n\n  }\n<\/style>\n\n<\/div>\n\n<div class=\"gb-container gb-container-48901c06\" id=\"neo-retro-appartement\">\n<div class=\"gb-container gb-container-d0ebc552\">\n\n<p class=\"gb-headline gb-headline-66fde696 gb-headline-text\">PROGRAM :<\/p>\n\n\n\n<p class=\"gb-headline gb-headline-716d99c4 gb-headline-text\">  Mobilier sur mesure &#8211; Agencement  <\/p>\n\n<\/div>\n\n<div class=\"gb-container gb-container-581514ca\">\n<div class=\"gb-container gb-container-a8d48a65\">\n\n<p class=\"gb-headline gb-headline-c014298b gb-headline-text\">LOCATION :<\/p>\n\n\n\n<p class=\"gb-headline gb-headline-3c37c10b gb-headline-text\">Beaulieu sur mer <\/p>\n\n<\/div>\n\n<div class=\"gb-container gb-container-18c559bc\">\n\n<p class=\"gb-headline gb-headline-7c4665bc gb-headline-text\"><\/p>\n\n<\/div>\n\n<div class=\"gb-container gb-container-6d548ebf\">\n\n<p class=\"gb-headline gb-headline-aff46b86 gb-headline-text\">PROJECT TYPE :<\/p>\n\n\n\n<p class=\"gb-headline gb-headline-e9d1e88d gb-headline-text\">Residential<\/p>\n\n<\/div>\n\n<div class=\"gb-container gb-container-5dbfb05a\">\n\n<p class=\"gb-headline gb-headline-0c22f4dd gb-headline-text\"><\/p>\n\n<\/div>\n\n<div class=\"gb-container gb-container-cf4d10ce\">\n\n<p class=\"gb-headline gb-headline-6d6e3451 gb-headline-text\">AREA :<\/p>\n\n\n\n<p class=\"gb-headline gb-headline-dc5b2ae6 gb-headline-text\">70 M2<\/p>\n\n<\/div>\n\n<div class=\"gb-container gb-container-16a8bc62\"><\/div>\n<\/div>\n\n<div class=\"gb-container gb-container-4c6a8224\">\n\n<h2 class=\"wp-block-heading has-7-a-633-c-color has-text-color\"><strong><strong>Page en cours de modification <\/strong>.<\/strong><\/h2>\n\n\n\n<p><strong>Objectif du projet :<\/strong>&nbsp;A venir <\/p>\n\n\n\n<p class=\"gb-headline gb-headline-77856044 gb-headline-text\">Suivez nos r\u00e9alisations&nbsp;sur Instagram :&nbsp;<a href=\"#\">@klz_studio<\/a><br><\/p>\n\n<\/div>\n<\/div>\n\n<div class=\"gb-container gb-container-7b635c60\">\n<div class=\"gb-container gb-container-9c632689\">\n\n<figure class=\"wp-block-image size-full is-resized\"><img decoding=\"async\" width=\"1536\" height=\"1024\" data-src=\"https:\/\/www.klzstudio.com\/wp-content\/uploads\/2026\/02\/klz-studio-architecte-interieur-haut-de-gamme-salon-cuisine-ouverte-sur-mesure-decoration-interieure-luxe.png\" alt=\"\" class=\"wp-image-10048 lazyload\" style=\"--smush-placeholder-width: 1536px; --smush-placeholder-aspect-ratio: 1536\/1024;aspect-ratio:16\/9;object-fit:cover;width:595px\" data-srcset=\"https:\/\/www.klzstudio.com\/wp-content\/uploads\/2026\/02\/klz-studio-architecte-interieur-haut-de-gamme-salon-cuisine-ouverte-sur-mesure-decoration-interieure-luxe.png 1536w, https:\/\/www.klzstudio.com\/wp-content\/uploads\/2026\/02\/klz-studio-architecte-interieur-haut-de-gamme-salon-cuisine-ouverte-sur-mesure-decoration-interieure-luxe-300x200.png 300w, https:\/\/www.klzstudio.com\/wp-content\/uploads\/2026\/02\/klz-studio-architecte-interieur-haut-de-gamme-salon-cuisine-ouverte-sur-mesure-decoration-interieure-luxe-1024x683.png 1024w, https:\/\/www.klzstudio.com\/wp-content\/uploads\/2026\/02\/klz-studio-architecte-interieur-haut-de-gamme-salon-cuisine-ouverte-sur-mesure-decoration-interieure-luxe-768x512.png 768w, https:\/\/www.klzstudio.com\/wp-content\/uploads\/2026\/02\/klz-studio-architecte-interieur-haut-de-gamme-salon-cuisine-ouverte-sur-mesure-decoration-interieure-luxe-18x12.png 18w\" data-sizes=\"(max-width: 1536px) 100vw, 1536px\" src=\"data:image\/svg+xml;base64,PHN2ZyB3aWR0aD0iMSIgaGVpZ2h0PSIxIiB4bWxucz0iaHR0cDovL3d3dy53My5vcmcvMjAwMC9zdmciPjwvc3ZnPg==\" \/><\/figure>\n\n\n\n<figure class=\"wp-block-image size-full\"><img decoding=\"async\" width=\"1024\" height=\"1536\" data-src=\"https:\/\/www.klzstudio.com\/wp-content\/uploads\/2026\/02\/klz-studio-architecte-interieur-haut-de-gamme-salle-de-bain-luxe-baignoire-ilot-douche-sur-mesure-decoration-interieure.png\" alt=\"\" class=\"wp-image-10052 lazyload\" style=\"--smush-placeholder-width: 1024px; --smush-placeholder-aspect-ratio: 1024\/1536;aspect-ratio:3\/4;object-fit:cover\" data-srcset=\"https:\/\/www.klzstudio.com\/wp-content\/uploads\/2026\/02\/klz-studio-architecte-interieur-haut-de-gamme-salle-de-bain-luxe-baignoire-ilot-douche-sur-mesure-decoration-interieure.png 1024w, https:\/\/www.klzstudio.com\/wp-content\/uploads\/2026\/02\/klz-studio-architecte-interieur-haut-de-gamme-salle-de-bain-luxe-baignoire-ilot-douche-sur-mesure-decoration-interieure-200x300.png 200w, https:\/\/www.klzstudio.com\/wp-content\/uploads\/2026\/02\/klz-studio-architecte-interieur-haut-de-gamme-salle-de-bain-luxe-baignoire-ilot-douche-sur-mesure-decoration-interieure-683x1024.png 683w, https:\/\/www.klzstudio.com\/wp-content\/uploads\/2026\/02\/klz-studio-architecte-interieur-haut-de-gamme-salle-de-bain-luxe-baignoire-ilot-douche-sur-mesure-decoration-interieure-768x1152.png 768w, https:\/\/www.klzstudio.com\/wp-content\/uploads\/2026\/02\/klz-studio-architecte-interieur-haut-de-gamme-salle-de-bain-luxe-baignoire-ilot-douche-sur-mesure-decoration-interieure-8x12.png 8w\" data-sizes=\"(max-width: 1024px) 100vw, 1024px\" src=\"data:image\/svg+xml;base64,PHN2ZyB3aWR0aD0iMSIgaGVpZ2h0PSIxIiB4bWxucz0iaHR0cDovL3d3dy53My5vcmcvMjAwMC9zdmciPjwvc3ZnPg==\" \/><\/figure>\n\n<\/div>\n\n<div class=\"gb-container gb-container-fe8bad9c\">\n\n<figure class=\"wp-block-image size-large is-resized\"><img decoding=\"async\" width=\"683\" height=\"1024\" data-src=\"https:\/\/www.klzstudio.com\/wp-content\/uploads\/2026\/02\/klz-studio-architecte-interieur-haut-de-gamme-cave-a-vin-sur-mesure-cuisine-luxe-photo-editoriale-verticale-683x1024.png\" alt=\"Cave \u00e0 vin design sur mesure dans cuisine contemporaine luxe \u2013 KLZ Studio architecte d\u2019int\u00e9rieur haut de gamme\" class=\"wp-image-10056 lazyload\" style=\"--smush-placeholder-width: 683px; --smush-placeholder-aspect-ratio: 683\/1024;aspect-ratio:3\/4;object-fit:cover;width:595px\" data-srcset=\"https:\/\/www.klzstudio.com\/wp-content\/uploads\/2026\/02\/klz-studio-architecte-interieur-haut-de-gamme-cave-a-vin-sur-mesure-cuisine-luxe-photo-editoriale-verticale-683x1024.png 683w, https:\/\/www.klzstudio.com\/wp-content\/uploads\/2026\/02\/klz-studio-architecte-interieur-haut-de-gamme-cave-a-vin-sur-mesure-cuisine-luxe-photo-editoriale-verticale-200x300.png 200w, https:\/\/www.klzstudio.com\/wp-content\/uploads\/2026\/02\/klz-studio-architecte-interieur-haut-de-gamme-cave-a-vin-sur-mesure-cuisine-luxe-photo-editoriale-verticale-768x1152.png 768w, https:\/\/www.klzstudio.com\/wp-content\/uploads\/2026\/02\/klz-studio-architecte-interieur-haut-de-gamme-cave-a-vin-sur-mesure-cuisine-luxe-photo-editoriale-verticale-8x12.png 8w, https:\/\/www.klzstudio.com\/wp-content\/uploads\/2026\/02\/klz-studio-architecte-interieur-haut-de-gamme-cave-a-vin-sur-mesure-cuisine-luxe-photo-editoriale-verticale.png 1024w\" data-sizes=\"(max-width: 683px) 100vw, 683px\" src=\"data:image\/svg+xml;base64,PHN2ZyB3aWR0aD0iMSIgaGVpZ2h0PSIxIiB4bWxucz0iaHR0cDovL3d3dy53My5vcmcvMjAwMC9zdmciPjwvc3ZnPg==\" \/><\/figure>\n\n\n\n<figure class=\"wp-block-image size-large is-resized\"><img decoding=\"async\" width=\"1024\" height=\"683\" data-src=\"https:\/\/www.klzstudio.com\/wp-content\/uploads\/2026\/02\/renovation-appartement-KLZStudio-haut-de-gamme-beauieu-1024x683.png\" alt=\"\" class=\"wp-image-10050 lazyload\" style=\"--smush-placeholder-width: 1024px; --smush-placeholder-aspect-ratio: 1024\/683;aspect-ratio:16\/9;object-fit:cover;width:595px\" data-srcset=\"https:\/\/www.klzstudio.com\/wp-content\/uploads\/2026\/02\/renovation-appartement-KLZStudio-haut-de-gamme-beauieu-1024x683.png 1024w, https:\/\/www.klzstudio.com\/wp-content\/uploads\/2026\/02\/renovation-appartement-KLZStudio-haut-de-gamme-beauieu-300x200.png 300w, https:\/\/www.klzstudio.com\/wp-content\/uploads\/2026\/02\/renovation-appartement-KLZStudio-haut-de-gamme-beauieu-768x512.png 768w, https:\/\/www.klzstudio.com\/wp-content\/uploads\/2026\/02\/renovation-appartement-KLZStudio-haut-de-gamme-beauieu-18x12.png 18w, https:\/\/www.klzstudio.com\/wp-content\/uploads\/2026\/02\/renovation-appartement-KLZStudio-haut-de-gamme-beauieu.png 1536w\" data-sizes=\"(max-width: 1024px) 100vw, 1024px\" src=\"data:image\/svg+xml;base64,PHN2ZyB3aWR0aD0iMSIgaGVpZ2h0PSIxIiB4bWxucz0iaHR0cDovL3d3dy53My5vcmcvMjAwMC9zdmciPjwvc3ZnPg==\" \/><\/figure>\n\n<\/div>\n<\/div>\n\n<div class=\"gb-container gb-container-6affd24a\">\n<div class=\"gb-container gb-container-eca17841\"><\/div>\n<\/div>\n<\/div>\n\n\n<p><\/p>","protected":false},"excerpt":{"rendered":"<p>PROJET PR\u00c9C\u00c9DENT R\u00e9novation appartement \u00e0&nbsp;Beaulieu sur mer PROJET SUIVANT PROGRAMME : Mobilier sur mesure &#8211; Agencement LIEU : Beaulieu sur mer TYPE DE PROJET : R\u00e9sidentiel SURFACE : 70 M2 Page en cours de modification . Objectif du projet :&nbsp;A venir Suivez nos r\u00e9alisations&nbsp;sur Instagram :&nbsp;@klz_studio<\/p>","protected":false},"author":149,"featured_media":0,"parent":7873,"menu_order":0,"comment_status":"closed","ping_status":"closed","template":"","meta":{"_monsterinsights_skip_tracking":false,"_monsterinsights_sitenote_active":false,"_monsterinsights_sitenote_note":"","_monsterinsights_sitenote_category":0,"footnotes":""},"class_list":["post-10045","page","type-page","status-publish"],"_links":{"self":[{"href":"https:\/\/www.klzstudio.com\/en\/wp-json\/wp\/v2\/pages\/10045","targetHints":{"allow":["GET"]}}],"collection":[{"href":"https:\/\/www.klzstudio.com\/en\/wp-json\/wp\/v2\/pages"}],"about":[{"href":"https:\/\/www.klzstudio.com\/en\/wp-json\/wp\/v2\/types\/page"}],"author":[{"embeddable":true,"href":"https:\/\/www.klzstudio.com\/en\/wp-json\/wp\/v2\/users\/149"}],"replies":[{"embeddable":true,"href":"https:\/\/www.klzstudio.com\/en\/wp-json\/wp\/v2\/comments?post=10045"}],"version-history":[{"count":10,"href":"https:\/\/www.klzstudio.com\/en\/wp-json\/wp\/v2\/pages\/10045\/revisions"}],"predecessor-version":[{"id":10083,"href":"https:\/\/www.klzstudio.com\/en\/wp-json\/wp\/v2\/pages\/10045\/revisions\/10083"}],"up":[{"embeddable":true,"href":"https:\/\/www.klzstudio.com\/en\/wp-json\/wp\/v2\/pages\/7873"}],"wp:attachment":[{"href":"https:\/\/www.klzstudio.com\/en\/wp-json\/wp\/v2\/media?parent=10045"}],"curies":[{"name":"wp","href":"https:\/\/api.w.org\/{rel}","templated":true}]}}