{"id":7685,"date":"2024-04-18T15:14:46","date_gmt":"2024-04-18T14:14:46","guid":{"rendered":"https:\/\/www.klzstudio.com\/?page_id=7685"},"modified":"2026-03-17T11:59:58","modified_gmt":"2026-03-17T10:59:58","slug":"home","status":"publish","type":"page","link":"https:\/\/www.klzstudio.com\/en\/","title":{"rendered":"KLZ Studio  : Architecture d&rsquo;Int\u00e9rieur &amp; Design &#8211; 06400 Cannes"},"content":{"rendered":"<style>\n\n#mobile-hp-top {\ndisplay : flex;\n}\n\n#desktop-hp-top {\ndisplay : none;\n}\n\n#hp-top-desktop-img img{\nheight: auto;\n    width: 100%;\n    max-height: 100%;\n}\n\n  \/* Medium devices such as tablets (768px and up) *\/\n  @media only screen and (min-width: 48em) {\n   \n#mobile-hp-top {\ndisplay : none;\n}\n\n#desktop-hp-top {\ndisplay : flex;\n}\n\n  }\n<\/style>\n\n\n<div class=\"gb-container gb-container-1cf4fe7e\">\n<div class=\"gb-container gb-container-dc67ff38\" id=\"desktop-hp-top\">\n<div class=\"gb-container gb-container-7bd4516a\">\n\n<h2 class=\"gb-headline gb-headline-76413dbc gb-headline-text\">KLZ Studio<\/h2>\n\n\n\n<figure class=\"wp-block-image size-full\"><img decoding=\"async\" width=\"258\" height=\"16\" data-src=\"https:\/\/www.klzstudio.com\/wp-content\/uploads\/2024\/04\/FILET-ET-POINT-HP.png\" alt=\"\" class=\"wp-image-8713 lazyload\" style=\"--smush-placeholder-width: 258px; --smush-placeholder-aspect-ratio: 258\/16;object-fit:cover\" data-srcset=\"https:\/\/www.klzstudio.com\/wp-content\/uploads\/2024\/04\/FILET-ET-POINT-HP.png 258w, https:\/\/www.klzstudio.com\/wp-content\/uploads\/2024\/04\/FILET-ET-POINT-HP-18x1.png 18w\" data-sizes=\"(max-width: 258px) 100vw, 258px\" src=\"data:image\/svg+xml;base64,PHN2ZyB3aWR0aD0iMSIgaGVpZ2h0PSIxIiB4bWxucz0iaHR0cDovL3d3dy53My5vcmcvMjAwMC9zdmciPjwvc3ZnPg==\" \/><\/figure>\n\n\n\n<p class=\"gb-headline gb-headline-c63f8308 gb-headline-text\">votre agence d\u2019Architecture d\u2019Int\u00e9rieur<\/p>\n\n\n\n<p class=\"gb-headline gb-headline-80ffb697 gb-headline-text\">et de Design<\/p>\n\n\n\n<a class=\"gb-button gb-button-471a2a0a gb-button-text\" href=\"https:\/\/www.klzstudio.com\/en\/contact\/\"><strong>Contact us<\/strong><\/a>\n\n<\/div>\n\n<div class=\"gb-container gb-container-ef3eee6b\">\n\n<figure class=\"wp-block-image size-large\" id=\"hp-top-desktop-img\"><img decoding=\"async\" width=\"1024\" height=\"695\" data-src=\"https:\/\/www.klzstudio.com\/wp-content\/uploads\/2024\/05\/IMAGE-HP-v2-1024x695.png\" alt=\"\" class=\"wp-image-8875 lazyload\" style=\"--smush-placeholder-width: 1024px; --smush-placeholder-aspect-ratio: 1024\/695;object-fit:cover\" data-srcset=\"https:\/\/www.klzstudio.com\/wp-content\/uploads\/2024\/05\/IMAGE-HP-v2-1024x695.png 1024w, https:\/\/www.klzstudio.com\/wp-content\/uploads\/2024\/05\/IMAGE-HP-v2-300x204.png 300w, https:\/\/www.klzstudio.com\/wp-content\/uploads\/2024\/05\/IMAGE-HP-v2-768x521.png 768w, https:\/\/www.klzstudio.com\/wp-content\/uploads\/2024\/05\/IMAGE-HP-v2-18x12.png 18w, https:\/\/www.klzstudio.com\/wp-content\/uploads\/2024\/05\/IMAGE-HP-v2.png 1085w\" data-sizes=\"(max-width: 1024px) 100vw, 1024px\" src=\"data:image\/svg+xml;base64,PHN2ZyB3aWR0aD0iMSIgaGVpZ2h0PSIxIiB4bWxucz0iaHR0cDovL3d3dy53My5vcmcvMjAwMC9zdmciPjwvc3ZnPg==\" \/><\/figure>\n\n<\/div>\n<\/div>\n\n<div class=\"gb-container gb-container-af3e1784\" id=\"mobile-hp-top\">\n<div class=\"gb-container gb-container-a859048c\">\n<div class=\"gb-container gb-container-ea39f171\">\n\n<h2 class=\"gb-headline gb-headline-d5ac787b gb-headline-text\">KLZ Studio<\/h2>\n\n\n\n<figure class=\"wp-block-image size-full\"><img decoding=\"async\" width=\"258\" height=\"16\" data-src=\"https:\/\/www.klzstudio.com\/wp-content\/uploads\/2024\/04\/FILET-ET-POINT-HP.png\" alt=\"\" class=\"wp-image-8713 lazyload\" style=\"--smush-placeholder-width: 258px; --smush-placeholder-aspect-ratio: 258\/16;object-fit:cover\" data-srcset=\"https:\/\/www.klzstudio.com\/wp-content\/uploads\/2024\/04\/FILET-ET-POINT-HP.png 258w, https:\/\/www.klzstudio.com\/wp-content\/uploads\/2024\/04\/FILET-ET-POINT-HP-18x1.png 18w\" data-sizes=\"(max-width: 258px) 100vw, 258px\" src=\"data:image\/svg+xml;base64,PHN2ZyB3aWR0aD0iMSIgaGVpZ2h0PSIxIiB4bWxucz0iaHR0cDovL3d3dy53My5vcmcvMjAwMC9zdmciPjwvc3ZnPg==\" \/><\/figure>\n\n\n\n<p class=\"gb-headline gb-headline-f19c1d69 gb-headline-text\">your Interior Architecture and Design Agency<\/p>\n\n<\/div>\n\n<div class=\"gb-container gb-container-ec368dd6\">\n\n<figure class=\"wp-block-image size-full\" id=\"hp-top-desktop-img\"><img decoding=\"async\" width=\"193\" height=\"502\" data-src=\"https:\/\/www.klzstudio.com\/wp-content\/uploads\/2024\/05\/IMAGE-HP-MOBILE-v2.png\" alt=\"\" class=\"wp-image-9038 lazyload\" style=\"--smush-placeholder-width: 193px; --smush-placeholder-aspect-ratio: 193\/502;object-fit:cover\" data-srcset=\"https:\/\/www.klzstudio.com\/wp-content\/uploads\/2024\/05\/IMAGE-HP-MOBILE-v2.png 193w, https:\/\/www.klzstudio.com\/wp-content\/uploads\/2024\/05\/IMAGE-HP-MOBILE-v2-115x300.png 115w, https:\/\/www.klzstudio.com\/wp-content\/uploads\/2024\/05\/IMAGE-HP-MOBILE-v2-5x12.png 5w\" data-sizes=\"(max-width: 193px) 100vw, 193px\" src=\"data:image\/svg+xml;base64,PHN2ZyB3aWR0aD0iMSIgaGVpZ2h0PSIxIiB4bWxucz0iaHR0cDovL3d3dy53My5vcmcvMjAwMC9zdmciPjwvc3ZnPg==\" \/><\/figure>\n\n<\/div>\n<\/div>\n\n<div class=\"gb-container gb-container-b13f9789\">\n\n<a class=\"gb-button gb-button-a143c1a9 gb-button-text\" href=\"https:\/\/www.klzstudio.com\/en\/contact\/\">Contact us<\/a>\n\n<\/div>\n<\/div>\n\n<div class=\"gb-container gb-container-9c3d2f39\">\n\n<figure class=\"wp-block-image size-full is-resized\"><a href=\"\/en\/#studio\"><img decoding=\"async\" width=\"34\" height=\"22\" data-src=\"https:\/\/www.klzstudio.com\/wp-content\/uploads\/2024\/04\/bottom-arrow.png\" alt=\"\" class=\"wp-image-7794 lazyload\" style=\"--smush-placeholder-width: 34px; --smush-placeholder-aspect-ratio: 34\/22;width:auto;height:20px\" src=\"data:image\/svg+xml;base64,PHN2ZyB3aWR0aD0iMSIgaGVpZ2h0PSIxIiB4bWxucz0iaHR0cDovL3d3dy53My5vcmcvMjAwMC9zdmciPjwvc3ZnPg==\" \/><\/a><\/figure>\n\n<\/div>\n<\/div>\n\n<div class=\"gb-container gb-container-c473011d\" id=\"studio\">\n<div class=\"gb-container gb-container-1d7ce0ef\">\n<div class=\"gb-container gb-container-9c015649\">\n<div class=\"gb-container gb-container-5dcd6085\"><\/div>\n<\/div>\n\n<div class=\"gb-container gb-container-a2ecbce6\">\n\n<style>\n\n#mobile-content {\ndisplay : block;\n}\n\n#desktop-content {\ndisplay : none;\n}\n\n  \/* Medium devices such as tablets (768px and up) *\/\n  @media only screen and (min-width: 48em) {\n   \n#mobile-content {\ndisplay : none;\n}\n\n#desktop-content {\ndisplay : block;\n}\n\n  }\n<\/style>\n\n\n\n<h2 class=\"gb-headline gb-headline-1fc0a826 gb-headline-text\">Our Studio<\/h2>\n\n\n\n<p class=\"gb-headline gb-headline-3849586d gb-headline-text\" id=\"desktop-content\">KLZ Studio, your Interior Architecture and Design agency in Cannes, transforms your spaces by reflecting your uniqueness and the essence of the surroundings.<br><br>Blending fashion, theatrical scenography, and art, we design desirable spaces, staging every detail with an artistic approach. Whether it's for your shops, restaurants, hotels, or villas, our priority is ergonomics, ambiance, and aesthetics, combined with a selection of materials and colors (...)<\/p>\n\n\n\n<p class=\"gb-headline gb-headline-f2ad4015 gb-headline-text\" id=\"mobile-content\">Your Interior Architecture and Decoration agency located in Cannes, has the mission of offering you an architectural and decorative approach that reflects your uniqueness as well as that of the places you entrust to us.<\/p>\n\n\n<div class=\"gb-container gb-container-99784c49\">\n\n<figure class=\"wp-block-image size-full\"><img decoding=\"async\" width=\"16\" height=\"16\" data-src=\"https:\/\/www.klzstudio.com\/wp-content\/uploads\/2024\/04\/Ellipse-13.png\" alt=\"\" class=\"wp-image-7786 lazyload\" src=\"data:image\/svg+xml;base64,PHN2ZyB3aWR0aD0iMSIgaGVpZ2h0PSIxIiB4bWxucz0iaHR0cDovL3d3dy53My5vcmcvMjAwMC9zdmciPjwvc3ZnPg==\" style=\"--smush-placeholder-width: 16px; --smush-placeholder-aspect-ratio: 16\/16;\" \/><\/figure>\n\n\n\n<p class=\"gb-headline gb-headline-916bad55 gb-headline-text\">Read more<\/p>\n\n\n\n<figure class=\"wp-block-image size-full is-resized\"><a href=\"https:\/\/www.klzstudio.com\/en\/le-studio\/\"><img decoding=\"async\" width=\"22\" height=\"34\" data-src=\"https:\/\/www.klzstudio.com\/wp-content\/uploads\/2024\/04\/right-arrow.png\" alt=\"\" class=\"wp-image-7785 lazyload\" style=\"--smush-placeholder-width: 22px; --smush-placeholder-aspect-ratio: 22\/34;width:22px;height:auto\" src=\"data:image\/svg+xml;base64,PHN2ZyB3aWR0aD0iMSIgaGVpZ2h0PSIxIiB4bWxucz0iaHR0cDovL3d3dy53My5vcmcvMjAwMC9zdmciPjwvc3ZnPg==\" \/><\/a><\/figure>\n\n<\/div>\n<\/div>\n<\/div>\n\n<div class=\"gb-container gb-container-11cff899\">\n<div class=\"gb-container gb-container-6e45d113\">\n\n<h2 class=\"gb-headline gb-headline-4c61f102 gb-headline-text\">Our Services<\/h2>\n\n\n\n<p class=\"gb-headline gb-headline-dee9145a gb-headline-text\">KLZ Studio concr\u00e9tise vos projets d\u2019Architecture d\u2019Int\u00e9rieur et de Design, de la conception <\/p>\n\n\n\n<p class=\"gb-headline gb-headline-7ef47bca gb-headline-text\">\u00e0 l\u2019accompagnement sur le chantier. Nos prestations s\u2019articulent autour de vos besoins.<\/p>\n\n<\/div>\n\n<div class=\"gb-container gb-container-783c5878\" id=\"links-block\">\n<div class=\"gb-container gb-container-385fbcce\">\n\n<p class=\"gb-headline gb-headline-a3b1983e gb-headline-text\">Je suis un<\/p>\n\n\n\n<p class=\"gb-headline gb-headline-75fdbae7 gb-headline-text\"> <a href=\"https:\/\/www.klzstudio.com\/en\/prestations\/#professionnel\" title=\"Services\">PROFESSIONNEL<\/a> <\/p>\n\n\n\n<p class=\"gb-headline gb-headline-9d0ebb86 gb-headline-text\">DE L&rsquo;HOSPITALITY<\/p>\n\n\n<div class=\"gb-container gb-container-e7c9caa6\"><\/div>\n<\/div>\n\n<div class=\"gb-container gb-container-d48bddad\">\n<div class=\"gb-container gb-container-7d62fd76\"><\/div>\n\n\n<p class=\"gb-headline gb-headline-d9a324dd gb-headline-text\">Je suis un<\/p>\n\n\n\n<p class=\"gb-headline gb-headline-8baabfed gb-headline-text\"> <a href=\"https:\/\/www.klzstudio.com\/en\/prestations\/#particulier\" title=\"\">PARTICULIER<\/a><\/p>\n\n<\/div>\n\n<div class=\"gb-container gb-container-0ca472fd\">\n\n<p class=\"gb-headline gb-headline-f218e931 gb-headline-text\">Je suis un <\/p>\n\n\n\n<p class=\"gb-headline gb-headline-955c34a9 gb-headline-text\"><a href=\"https:\/\/www.klzstudio.com\/en\/prestations\/#professionnel\" title=\"\">PROFESSIONNEL<\/a> <\/p>\n\n\n\n<p class=\"gb-headline gb-headline-f34152d2 gb-headline-text\">DU RETAIL<\/p>\n\n\n<div class=\"gb-container gb-container-fe507ae9\"><\/div>\n<\/div>\n<\/div>\n\n\n<style>\n\n#links-block a {\ntext-decoration: none;\ncolor: inherit;\n}\n\n<\/style>\n\n<\/div>\n<\/div>\n\n<div class=\"gb-container gb-container-9737ac39\">\n<div class=\"gb-container gb-container-eeda8ef2\">\n<div class=\"gb-container gb-container-a318ce53\">\n<div class=\"gb-container gb-container-410cc537\" id=\"bottom-image\">\n\n<figure class=\"wp-block-image size-full is-resized\"><img decoding=\"async\" width=\"154\" height=\"522\" data-src=\"https:\/\/www.klzstudio.com\/wp-content\/uploads\/2024\/04\/rectangle-60.png\" alt=\"\" class=\"wp-image-7778 lazyload\" style=\"--smush-placeholder-width: 154px; --smush-placeholder-aspect-ratio: 154\/522;width:150px\" src=\"data:image\/svg+xml;base64,PHN2ZyB3aWR0aD0iMSIgaGVpZ2h0PSIxIiB4bWxucz0iaHR0cDovL3d3dy53My5vcmcvMjAwMC9zdmciPjwvc3ZnPg==\" \/><\/figure>\n\n<\/div>\n\n<div class=\"gb-container gb-container-db67f7b5\">\n<div class=\"gb-container gb-container-15ab91c7\">\n\n<h2 class=\"gb-headline gb-headline-d4df9bf5 gb-headline-text\">Follow us<\/h2>\n\n\n<div class=\"gb-container gb-container-6f4305ed\">\n\n<h3 class=\"gb-headline gb-headline-88d0229d gb-headline-text\">@klz_studio :<\/h3>\n\n\n<div class=\"gb-container gb-container-2c653673\">\n\n<a class=\"gb-button gb-button-ebf8d91d\" href=\"https:\/\/www.pinterest.fr\/karinelepolozec0652\/\" target=\"_blank\" rel=\"noopener noreferrer\"><span class=\"gb-icon\"><svg aria-hidden=\"true\" role=\"img\" height=\"1em\" width=\"1em\" viewbox=\"0 0 384 512\" xmlns=\"http:\/\/www.w3.org\/2000\/svg\"><path fill=\"currentColor\" d=\"M204 6.5C101.4 6.5 0 74.9 0 185.6 0 256 39.6 296 63.6 296c9.9 0 15.6-27.6 15.6-35.4 0-9.3-23.7-29.1-23.7-67.8 0-80.4 61.2-137.4 140.4-137.4 68.1 0 118.5 38.7 118.5 109.8 0 53.1-21.3 152.7-90.3 152.7-24.9 0-46.2-18-46.2-43.8 0-37.8 26.4-74.4 26.4-113.4 0-66.2-93.9-54.2-93.9 25.8 0 16.8 2.1 35.4 9.6 50.7-13.8 59.4-42 147.9-42 209.1 0 18.9 2.7 37.5 4.5 56.4 3.4 3.8 1.7 3.4 6.9 1.5 50.4-69 48.6-82.5 71.4-172.8 12.3 23.4 44.1 36 69.3 36 106.2 0 153.9-103.5 153.9-196.8C384 71.3 298.2 6.5 204 6.5z\"><\/path><\/svg><\/span><\/a>\n\n\n\n<a class=\"gb-button gb-button-7ee77f80\" href=\"https:\/\/www.linkedin.com\/company\/klzstudio\/\"><span class=\"gb-icon\"><svg aria-hidden=\"true\" role=\"img\" height=\"1em\" width=\"1em\" viewbox=\"0 0 448 512\" xmlns=\"http:\/\/www.w3.org\/2000\/svg\"><path fill=\"currentColor\" d=\"M100.28 448H7.4V148.9h92.88zM53.79 108.1C24.09 108.1 0 83.5 0 53.8a53.79 53.79 0 0 1 107.58 0c0 29.7-24.1 54.3-53.79 54.3zM447.9 448h-92.68V302.4c0-34.7-.7-79.2-48.29-79.2-48.29 0-55.69 37.7-55.69 76.7V448h-92.78V148.9h89.08v40.8h1.3c12.4-23.5 42.69-48.3 87.88-48.3 94 0 111.28 61.9 111.28 142.3V448z\"><\/path><\/svg><\/span><\/a>\n\n\n\n<a class=\"gb-button gb-button-3040ca46\" href=\"https:\/\/www.instagram.com\/klz_studio\/\"><span class=\"gb-icon\"><svg aria-hidden=\"true\" role=\"img\" height=\"1em\" width=\"1em\" viewbox=\"0 0 448 512\" xmlns=\"http:\/\/www.w3.org\/2000\/svg\"><path fill=\"currentColor\" d=\"M224.1 141c-63.6 0-114.9 51.3-114.9 114.9s51.3 114.9 114.9 114.9S339 319.5 339 255.9 287.7 141 224.1 141zm0 189.6c-41.1 0-74.7-33.5-74.7-74.7s33.5-74.7 74.7-74.7 74.7 33.5 74.7 74.7-33.6 74.7-74.7 74.7zm146.4-194.3c0 14.9-12 26.8-26.8 26.8-14.9 0-26.8-12-26.8-26.8s12-26.8 26.8-26.8 26.8 12 26.8 26.8zm76.1 27.2c-1.7-35.9-9.9-67.7-36.2-93.9-26.2-26.2-58-34.4-93.9-36.2-37-2.1-147.9-2.1-184.9 0-35.8 1.7-67.6 9.9-93.9 36.1s-34.4 58-36.2 93.9c-2.1 37-2.1 147.9 0 184.9 1.7 35.9 9.9 67.7 36.2 93.9s58 34.4 93.9 36.2c37 2.1 147.9 2.1 184.9 0 35.9-1.7 67.7-9.9 93.9-36.2 26.2-26.2 34.4-58 36.2-93.9 2.1-37 2.1-147.8 0-184.8zM398.8 388c-7.8 19.6-22.9 34.7-42.6 42.6-29.5 11.7-99.5 9-132.1 9s-102.7 2.6-132.1-9c-19.6-7.8-34.7-22.9-42.6-42.6-11.7-29.5-9-99.5-9-132.1s-2.6-102.7 9-132.1c7.8-19.6 22.9-34.7 42.6-42.6 29.5-11.7 99.5-9 132.1-9s102.7-2.6 132.1 9c19.6 7.8 34.7 22.9 42.6 42.6 11.7 29.5 9 99.5 9 132.1s2.7 102.7-9 132.1z\"><\/path><\/svg><\/span><\/a>\n\n<\/div>\n<\/div>\n<\/div>\n\n<div class=\"gb-container gb-container-9618a026\">\n<div class=\"gb-container gb-container-45ffbf07\">\n\n<a class=\"gb-button gb-button-73af7955 gb-button-text\" href=\"https:\/\/www.instagram.com\/reel\/C6vqtzOIkd9\/?utm_source=ig_web_copy_link&amp;igsh=MzRlODBiNWFlZA==\"><\/a>\n\n<\/div>\n\n<div class=\"gb-container gb-container-b971b2bf\">\n\n<a class=\"gb-button gb-button-4406b24b gb-button-text\" href=\"https:\/\/www.instagram.com\/reel\/C6Y4Y3bIR0Z\/?utm_source=ig_web_copy_link&amp;igsh=MzRlODBiNWFlZA==\"><\/a>\n\n<\/div>\n\n<div class=\"gb-container gb-container-6bcacf6b\">\n\n<a class=\"gb-button gb-button-e86a763b gb-button-text\" href=\"https:\/\/www.instagram.com\/reel\/C6vqtzOIkd9\/?utm_source=ig_web_copy_link&amp;igsh=MzRlODBiNWFlZA==\"><\/a>\n\n<\/div>\n\n<div class=\"gb-container gb-container-caa053f7\">\n\n<a class=\"gb-button gb-button-2f1e9f89 gb-button-text\" href=\"https:\/\/www.instagram.com\/reel\/C6vqtzOIkd9\/?utm_source=ig_web_copy_link&amp;igsh=MzRlODBiNWFlZA==\"><\/a>\n\n<\/div>\n<\/div>\n<\/div>\n<\/div>\n\n<div class=\"gb-container gb-container-83dc2858\">\n\n<a class=\"gb-button gb-button-ee8517eb gb-button-text\" href=\"https:\/\/www.klzstudio.com\/en\/prestations\/\"><strong>See our services<\/strong><\/a>\n\n<\/div>\n\n\n<style>\n\n#bottom-image {\ndisplay : none;\n}\n\n  \/* Medium devices such as tablets (768px and up) *\/\n  @media only screen and (min-width: 48em) {\n   \n#bottom-image{\ndisplay : flex;\n}\n\n\n  }\n<\/style>\n\n<\/div>\n<\/div>\n\n<div class=\"gb-container gb-container-6adac12c\">\n<div class=\"gb-container gb-container-23eb8ece\">\n\n<h2 class=\"gb-headline gb-headline-790027b7 gb-headline-text\">KLZ Studio<\/h2>\n\n\n\n<h3 class=\"gb-headline gb-headline-5f51ef7f gb-headline-text\">We create the visual narrative of your universe:<\/h3>\n\n<\/div>\n<\/div>","protected":false},"excerpt":{"rendered":"<p>KLZ Studio votre agence d\u2019Architecture d\u2019Int\u00e9rieur et de Design KLZ Studio votre agence d\u2019Architecture d\u2019Int\u00e9rieur et de Design Notre Studio KLZ Studio, votre agence d\u2019Architecture d\u2019Int\u00e9rieur et de Design \u00e0 Cannes, transforme vos espaces en refl\u00e9tant votre singularit\u00e9 et l\u2019essence des lieux. Fusionnant mode, sc\u00e9nographie th\u00e9\u00e2trale et arts, nous concevons des espaces d\u00e9sirables, mettant en &#8230; <a title=\"KLZ Studio  : Architecture d&rsquo;Int\u00e9rieur &amp; Design &#8211; 06400 Cannes\" class=\"read-more\" href=\"https:\/\/www.klzstudio.com\/en\/\" aria-label=\"More on KLZ Studio  : Architecture d&rsquo;Int\u00e9rieur &amp; Design &#8211; 06400 Cannes\">Read more<\/a><\/p>","protected":false},"author":192,"featured_media":0,"parent":0,"menu_order":0,"comment_status":"closed","ping_status":"closed","template":"","meta":{"_monsterinsights_skip_tracking":false,"_monsterinsights_sitenote_active":false,"_monsterinsights_sitenote_note":"","_monsterinsights_sitenote_category":0,"footnotes":""},"class_list":["post-7685","page","type-page","status-publish"],"_links":{"self":[{"href":"https:\/\/www.klzstudio.com\/en\/wp-json\/wp\/v2\/pages\/7685","targetHints":{"allow":["GET"]}}],"collection":[{"href":"https:\/\/www.klzstudio.com\/en\/wp-json\/wp\/v2\/pages"}],"about":[{"href":"https:\/\/www.klzstudio.com\/en\/wp-json\/wp\/v2\/types\/page"}],"author":[{"embeddable":true,"href":"https:\/\/www.klzstudio.com\/en\/wp-json\/wp\/v2\/users\/192"}],"replies":[{"embeddable":true,"href":"https:\/\/www.klzstudio.com\/en\/wp-json\/wp\/v2\/comments?post=7685"}],"version-history":[{"count":319,"href":"https:\/\/www.klzstudio.com\/en\/wp-json\/wp\/v2\/pages\/7685\/revisions"}],"predecessor-version":[{"id":10187,"href":"https:\/\/www.klzstudio.com\/en\/wp-json\/wp\/v2\/pages\/7685\/revisions\/10187"}],"wp:attachment":[{"href":"https:\/\/www.klzstudio.com\/en\/wp-json\/wp\/v2\/media?parent=7685"}],"curies":[{"name":"wp","href":"https:\/\/api.w.org\/{rel}","templated":true}]}}