{"id":7832,"date":"2024-04-19T10:05:40","date_gmt":"2024-04-19T09:05:40","guid":{"rendered":"https:\/\/www.klzstudio.com\/?page_id=7832"},"modified":"2026-03-17T12:03:17","modified_gmt":"2026-03-17T11:03:17","slug":"le-studio","status":"publish","type":"page","link":"https:\/\/www.klzstudio.com\/en\/le-studio\/","title":{"rendered":"Le STUDIO"},"content":{"rendered":"<div class=\"gb-container gb-container-35e9d992 alignfull\">\n<div class=\"gb-container gb-container-86d37974\">\n<div class=\"gb-container gb-container-c1a8f8c7\">\n<div class=\"gb-container gb-container-2a70846f\">\n<div class=\"gb-container gb-container-20bad869\">\n<div class=\"gb-container gb-container-f085627a\"><\/div>\n<\/div>\n<\/div>\n\n<div class=\"gb-container gb-container-68242f0a\">\n\n<h2 class=\"gb-headline gb-headline-3b1b9520 gb-headline-text\">Our Studio<\/h2>\n\n\n\n<p class=\"gb-headline gb-headline-f3ed4f62 gb-headline-text\">KLZ Studio, your Interior Architecture and Design agency in Cannes, transforms your spaces by reflecting your uniqueness and the essence of the surroundings. <\/p>\n\n\n\n<p class=\"gb-headline gb-headline-47b3f7dd gb-headline-text\">Blending fashion, theatrical scenography, and art, we design desirable spaces, staging every detail with an artistic approach. Whether it's for your shops, restaurants, hotels, or villas, our priority is ergonomics, ambiance, and aesthetics, combined with a selection of materials and colors for results that are both welcoming and functional.<\/p>\n\n\n\n<p class=\"gb-headline gb-headline-322c3110 gb-headline-text\">Nous sommes pr\u00eats \u00e0 donner vie \u00e0 vos projets, en France comme \u00e0 l\u2019international.<\/p>\n\n\n\n<p class=\"gb-headline gb-headline-b0c236d0 gb-headline-text\">Contactez-nous d\u00e8s aujourd\u2019hui pour commencer \u00e0 co-cr\u00e9er vos espaces.<\/p>\n\n\n<div class=\"gb-container gb-container-e23c2613\">\n\n<a class=\"gb-button gb-button-5c07404e gb-button-text\" href=\"https:\/\/www.klzstudio.com\/en\/contact\/\"><strong>Contact us<\/strong><\/a>\n\n<\/div>\n<\/div>\n<\/div>\n<\/div>\n<\/div>\n\n<div class=\"gb-container gb-container-755e70dc\">\n<div class=\"gb-container gb-container-6ebbf194\">\n\n<h2 class=\"gb-headline gb-headline-2fc33a75 gb-headline-text\">Whether for your shops, restaurants, hotels, or villas,<\/h2>\n\n\n\n<h2 class=\"gb-headline gb-headline-95b04658 gb-headline-text\">nous apportons ce \u00ab je ne sais quoi&nbsp;\u00bb<\/h2>\n\n\n\n<h2 class=\"gb-headline gb-headline-b7b1bbb4 gb-headline-text\">that encourages your clients and friends to come back to you.<\/h2>\n\n<\/div>\n<\/div>\n\n<div class=\"gb-container gb-container-2cde767f alignfull\">\n<div class=\"gb-container gb-container-64152f60\">\n<div class=\"gb-container gb-container-9865a074\">\n<div class=\"gb-container gb-container-f4a17b91\">\n\n<h1 class=\"gb-headline gb-headline-4ca6c264 gb-headline-text\">Karine Lepolozec :<\/h1>\n\n\n\n<h2 class=\"gb-headline gb-headline-86cee902 gb-headline-text\">Directrice artistique <\/h2>\n\n\n\n<h2 class=\"gb-headline gb-headline-667a4dab gb-headline-text\">et fondatrice de KLZ Studio<\/h2>\n\n\n\n<p class=\"gb-headline gb-headline-1da07bd8 gb-headline-text\">\u00ab\u00a0Since childhood, my passion for fashion and decoration, shared with my mother, has shaped my aesthetic. The colors of Tahiti, the strength of my native Brittany, and the eccentric charm of England have enriched my creativity. I play with colors, patterns, and textures to create unique and emotional spaces. As a dancer and theater enthusiast, scenography has always captivated me, thus nourishing my vocation as an Interior Architect &amp; Designer.<\/p>\n\n\n\n<p class=\"gb-headline gb-headline-f8353326 gb-headline-text\">With a solid experience in project management, I am committed to providing my clients with a methodical and organized approach. As the founder of KLZ Studio, I surround myself with professionals who share my ethical values and artistic vision, thus enriching our creations with our complementary skills.\u00a0\u00bb<\/p>\n\n\n<div class=\"gb-container gb-container-1b3a87ac\">\n\n<a class=\"gb-button gb-button-d183cf2a gb-button-text\" href=\"https:\/\/www.klzstudio.com\/en\/prestations\/\"><strong>See our services<\/strong><\/a>\n\n<\/div>\n<\/div>\n\n<div class=\"gb-container gb-container-fc00396f\">\n<div class=\"gb-container gb-container-3f3d6393\"><\/div>\n<\/div>\n<\/div>\n<\/div>\n<\/div>","protected":false},"excerpt":{"rendered":"<p>Notre Studio KLZ Studio, votre agence d\u2019Architecture d\u2019Int\u00e9rieur et de Design \u00e0 Cannes, transforme vos espaces en refl\u00e9tant votre singularit\u00e9 et l\u2019essence des lieux. Fusionnant mode, sc\u00e9nographie th\u00e9\u00e2trale et arts, nous concevons des espaces d\u00e9sirables, mettant en sc\u00e8ne chaque d\u00e9tail avec une approche artistique. Que ce soit pour vos boutiques, restaurants, h\u00f4tels ou villas, notre &#8230; <a title=\"Le STUDIO\" class=\"read-more\" href=\"https:\/\/www.klzstudio.com\/en\/le-studio\/\" aria-label=\"More on Le STUDIO\">Read more<\/a><\/p>","protected":false},"author":192,"featured_media":0,"parent":0,"menu_order":0,"comment_status":"closed","ping_status":"closed","template":"","meta":{"_monsterinsights_skip_tracking":false,"_monsterinsights_sitenote_active":false,"_monsterinsights_sitenote_note":"","_monsterinsights_sitenote_category":0,"footnotes":""},"class_list":["post-7832","page","type-page","status-publish"],"_links":{"self":[{"href":"https:\/\/www.klzstudio.com\/en\/wp-json\/wp\/v2\/pages\/7832","targetHints":{"allow":["GET"]}}],"collection":[{"href":"https:\/\/www.klzstudio.com\/en\/wp-json\/wp\/v2\/pages"}],"about":[{"href":"https:\/\/www.klzstudio.com\/en\/wp-json\/wp\/v2\/types\/page"}],"author":[{"embeddable":true,"href":"https:\/\/www.klzstudio.com\/en\/wp-json\/wp\/v2\/users\/192"}],"replies":[{"embeddable":true,"href":"https:\/\/www.klzstudio.com\/en\/wp-json\/wp\/v2\/comments?post=7832"}],"version-history":[{"count":97,"href":"https:\/\/www.klzstudio.com\/en\/wp-json\/wp\/v2\/pages\/7832\/revisions"}],"predecessor-version":[{"id":10039,"href":"https:\/\/www.klzstudio.com\/en\/wp-json\/wp\/v2\/pages\/7832\/revisions\/10039"}],"wp:attachment":[{"href":"https:\/\/www.klzstudio.com\/en\/wp-json\/wp\/v2\/media?parent=7832"}],"curies":[{"name":"wp","href":"https:\/\/api.w.org\/{rel}","templated":true}]}}