{"id":7878,"date":"2024-04-19T13:05:35","date_gmt":"2024-04-19T12:05:35","guid":{"rendered":"https:\/\/www.klzstudio.com\/?page_id=7878"},"modified":"2024-05-11T12:38:52","modified_gmt":"2024-05-11T11:38:52","slug":"journal","status":"publish","type":"page","link":"https:\/\/www.klzstudio.com\/en\/journal\/","title":{"rendered":"Journal"},"content":{"rendered":"<div class=\"gb-container gb-container-0f072175\" id=\"journal-posts-container\">\n<div class=\"gb-container gb-container-b8956548\">\n\n<h2 class=\"gb-headline gb-headline-83886c5c gb-headline-text\">Journal<\/h2>\n\n\n\n<h6 class=\"gb-headline gb-headline-65304a16 gb-headline-text\">You have a project in mind and would like to discuss it? <\/h6>\n\n<\/div>\n\n<div class=\"gb-container gb-container-95124db2\"><\/div>\n\n\n<div class=\"gb-grid-wrapper gb-grid-wrapper-20e0dc5d gb-query-loop-wrapper\">\n<div class=\"gb-grid-column gb-grid-column-8f7218b5 gb-query-loop-item post-8366 post type-post status-publish format-standard hentry category-tendance-decorative\"><div class=\"gb-container gb-container-8f7218b5\">\n\n\n<h2 class=\"gb-headline gb-headline-006fd8b2 gb-headline-text\"><a href=\"https:\/\/www.klzstudio.com\/en\/test3\/\">5 raisons pour lesquelles h\u00f4teliers et restaurateurs devraient d\u00e9finir une strat\u00e9gie couleur<\/a><\/h2>\n\n<p class=\"gb-headline gb-headline-5fef5d8b gb-headline-text\"><time class=\"entry-date published\" datetime=\"2024-04-23T09:36:16+01:00\">23 April 2024<\/time><\/p>\n\n<div class=\"gb-headline gb-headline-949a6058 gb-headline-text\">Les adeptes du minimalisme n&rsquo;ont qu&rsquo;\u00e0 bien se tenir ! Apr\u00e8s des ann\u00e9es de tons neutres comme le blanc et le beige, la couleur fait un retour en force. En tant qu&rsquo;amoureuse des teintes vibrantes, je me r\u00e9jouis de cette tendance.Car la couleur va bien au-del\u00e0 de l&rsquo;esth\u00e9tique, jouant un r\u00f4le crucial dans \ud835\uddf9&rsquo;\ud835\uddf6\ud835\uddfb\ud835\uddf3\ud835\uddf9\ud835\ude02\ud835\uddf2\ud835\uddfb\ud835\uddf0\ud835\uddf2 \ud835\uddf1\ud835\uddf2 &#8230; <a title=\"5 raisons pour lesquelles h\u00f4teliers et restaurateurs devraient d\u00e9finir une strat\u00e9gie couleur\" class=\"read-more\" href=\"https:\/\/www.klzstudio.com\/en\/test3\/\" aria-label=\"More on 5 raisons pour lesquelles h\u00f4teliers et restaurateurs devraient d\u00e9finir une strat\u00e9gie couleur\">Read more<\/a><\/div>\n<\/div><\/div>\n<\/div>\n\n\n<div class=\"gb-container gb-container-cfd72adb\">\n\n<a class=\"gb-button gb-button-5c07404e gb-button-text\" href=\"https:\/\/www.klzstudio.com\/en\/contact\/\"><strong>Contact us<\/strong><\/a>\n\n<\/div>\n<\/div>\n\n\n<style>\n  #journal-posts-container .type-post  a {\n    text-decoration: none !important;\n    font-family: YesevaOne;\n    color: var(--013182);\n    text-transform: uppercase;\n  }\n\n  #journal-posts-container .type-post  a:hover {\n    text-decoration: underline !important;\n  }\n\n\n  #journal-posts-container .type-post .gb-headline-text {\n    color: var(--7a633c) !important;\n    font-family: DinPRO-Cond;\n  }\n\n\n \/* handle post image *\/\n\n.has-post-thumbnail .gb-container figure {\n  display : flex;\n  justify-content: center;\n}\n\n.has-post-thumbnail .gb-container figure img{\n  height: 300px;\n  width: auto;\n  border-top-right-radius: 50px 50px;\n}\n\n.has-post-thumbnail .gb-container time {\n  display: none;\n}\n\n#journal-posts-container{\n  display: flex;\n  justify-content: center;\n}\n\n#journal-posts-container .gb-grid-wrapper {\n  max-width : 800px;\n}\n\n#journal-posts-container .post.type-post .gb-container:hover {\n\n-webkit-box-shadow: 3px 4px 7px 4px rgba(232,213,208,0.31); \nbox-shadow: 3px 4px 7px 4px rgba(232,213,208,0.31);\n}\n\n\n\n<\/style>\n\n<script>\n  document.addEventListener(\"DOMContentLoaded\", function () {});\n<\/script>","protected":false},"excerpt":{"rendered":"<p>Journal Vous avec un projet en t\u00eate et vous aimeriez en parler ?<\/p>","protected":false},"author":192,"featured_media":0,"parent":0,"menu_order":0,"comment_status":"closed","ping_status":"closed","template":"","meta":{"_monsterinsights_skip_tracking":false,"_monsterinsights_sitenote_active":false,"_monsterinsights_sitenote_note":"","_monsterinsights_sitenote_category":0,"footnotes":""},"class_list":["post-7878","page","type-page","status-publish"],"_links":{"self":[{"href":"https:\/\/www.klzstudio.com\/en\/wp-json\/wp\/v2\/pages\/7878","targetHints":{"allow":["GET"]}}],"collection":[{"href":"https:\/\/www.klzstudio.com\/en\/wp-json\/wp\/v2\/pages"}],"about":[{"href":"https:\/\/www.klzstudio.com\/en\/wp-json\/wp\/v2\/types\/page"}],"author":[{"embeddable":true,"href":"https:\/\/www.klzstudio.com\/en\/wp-json\/wp\/v2\/users\/192"}],"replies":[{"embeddable":true,"href":"https:\/\/www.klzstudio.com\/en\/wp-json\/wp\/v2\/comments?post=7878"}],"version-history":[{"count":45,"href":"https:\/\/www.klzstudio.com\/en\/wp-json\/wp\/v2\/pages\/7878\/revisions"}],"predecessor-version":[{"id":9819,"href":"https:\/\/www.klzstudio.com\/en\/wp-json\/wp\/v2\/pages\/7878\/revisions\/9819"}],"wp:attachment":[{"href":"https:\/\/www.klzstudio.com\/en\/wp-json\/wp\/v2\/media?parent=7878"}],"curies":[{"name":"wp","href":"https:\/\/api.w.org\/{rel}","templated":true}]}}