{"id":7883,"date":"2024-04-19T13:06:19","date_gmt":"2024-04-19T12:06:19","guid":{"rendered":"https:\/\/www.klzstudio.com\/?page_id=7883"},"modified":"2024-05-13T15:00:47","modified_gmt":"2024-05-13T14:00:47","slug":"contact","status":"publish","type":"page","link":"https:\/\/www.klzstudio.com\/en\/contact\/","title":{"rendered":"Contact"},"content":{"rendered":"<div class=\"gb-container gb-container-291ae347\">\n\n<h2 class=\"gb-headline gb-headline-b1b3e1e0 gb-headline-text\">D\u00e9crivez-nous votre projet<\/h2>\n\n\n\n<p class=\"gb-headline gb-headline-404aed98 gb-headline-text\">Vous avez un projet en t\u00eate et vous aimeriez nous en parler ?<br>Contactez-nous en remplissant le formulaire de contact ci-dessous pour nous fournir toutes les informations n\u00e9cessaires.<br>Plus vous en direz, mieux nous comprendrons vos besoins et pourrons vous apporter une r\u00e9ponse adapt\u00e9e.<br>Assurez-vous d\u2019inclure toutes les informations demand\u00e9es ainsi que des photos.<br>Nous sommes l\u00e0 pour vous aider et attendons avec impatience de d\u00e9couvrir votre projet<\/p>\n\n\n\n<p class=\"gb-headline gb-headline-e8ab7f00 gb-headline-text\">Vous pouvez aussi nous contacter de la fa\u00e7on suivante :<\/p>\n\n\n<div class=\"gb-container gb-container-9b45dc30\">\n<div class=\"gb-container gb-container-a35dc66d\">\n\n<p class=\"gb-headline gb-headline-a6542d7a gb-headline-text\">Mail : <\/p>\n\n\n\n<p class=\"gb-headline gb-headline-7148adb4 gb-headline-text\">contact@klz.fr <\/p>\n\n<\/div>\n\n\n<p class=\"gb-headline gb-headline-9823d927 gb-headline-text\">&#8211; <\/p>\n\n\n<div class=\"gb-container gb-container-db11b919\">\n\n<p class=\"gb-headline gb-headline-79ef2279 gb-headline-text\">T\u00e9l\u00e9phone : <\/p>\n\n\n\n<p class=\"gb-headline gb-headline-814d20d4 gb-headline-text\">+33 (0)6 20 59 56 29<\/p>\n\n<\/div>\n<\/div>\n\n<div class=\"gb-container gb-container-97015ce6\">\n<div class=\"gb-container gb-container-bce464d4\">\n<div class=\"wpforms-container wpforms-container-full wpforms-block wpforms-block-2bfc293a-341e-4226-aa7f-9c3653602cbd\" id=\"wpforms-4505\"><form id=\"wpforms-form-4505\" class=\"wpforms-validate wpforms-form wpforms-ajax-form\" data-formid=\"4505\" method=\"post\" enctype=\"multipart\/form-data\" action=\"\/en\/wp-json\/wp\/v2\/pages\/7883\" data-token=\"739680baea75d572940d430302e722b4\" data-token-time=\"1777108199\"><noscript class=\"wpforms-error-noscript\">Please enable JavaScript in your browser to complete this form.<\/noscript><div class=\"wpforms-field-container\"><div id=\"wpforms-4505-field_0-container\" class=\"wpforms-field wpforms-field-name\" data-field-id=\"0\"><label class=\"wpforms-field-label\">Nom <span class=\"wpforms-required-label\">*<\/span><\/label><div class=\"wpforms-field-row wpforms-field-medium\"><div class=\"wpforms-field-row-block wpforms-first wpforms-one-half\"><input type=\"text\" id=\"wpforms-4505-field_0\" class=\"wpforms-field-name-first wpforms-field-required\" name=\"wpforms[fields][0][first]\" required><label for=\"wpforms-4505-field_0\" class=\"wpforms-field-sublabel after\">First<\/label><\/div><div class=\"wpforms-field-row-block wpforms-one-half\"><input type=\"text\" id=\"wpforms-4505-field_0-last\" class=\"wpforms-field-name-last wpforms-field-required\" name=\"wpforms[fields][0][last]\" required><label for=\"wpforms-4505-field_0-last\" class=\"wpforms-field-sublabel after\">Last<\/label><\/div><\/div><\/div><div id=\"wpforms-4505-field_1-container\" class=\"wpforms-field wpforms-field-email\" data-field-id=\"1\"><label class=\"wpforms-field-label\" for=\"wpforms-4505-field_1\">E-mail <span class=\"wpforms-required-label\">*<\/span><\/label><input type=\"email\" id=\"wpforms-4505-field_1\" class=\"wpforms-field-medium wpforms-field-required\" name=\"wpforms[fields][1]\" spellcheck=\"false\" required><\/div><div id=\"wpforms-4505-field_7-container\" class=\"wpforms-field wpforms-field-text\" data-field-id=\"7\"><label class=\"wpforms-field-label\" for=\"wpforms-4505-field_7\">T\u00e9l\u00e9phone<\/label><input type=\"text\" id=\"wpforms-4505-field_7\" class=\"wpforms-field-medium\" name=\"wpforms[fields][7]\" ><\/div><div id=\"wpforms-4505-field_8-container\" class=\"wpforms-field wpforms-field-text\" data-field-id=\"8\"><label class=\"wpforms-field-label\" for=\"wpforms-4505-field_8\">Lieu du projet<\/label><input type=\"text\" id=\"wpforms-4505-field_8\" class=\"wpforms-field-medium\" name=\"wpforms[fields][8]\" ><\/div><div id=\"wpforms-4505-field_9-container\" class=\"wpforms-field wpforms-field-text\" data-field-id=\"9\"><label class=\"wpforms-field-label\" for=\"wpforms-4505-field_9\">Pays du projet<\/label><input type=\"text\" id=\"wpforms-4505-field_9\" class=\"wpforms-field-medium\" name=\"wpforms[fields][9]\" ><\/div><div id=\"wpforms-4505-field_3-container\" class=\"wpforms-field wpforms-field-radio\" data-field-id=\"3\"><label class=\"wpforms-field-label\">Je suis<\/label><ul id=\"wpforms-4505-field_3\"><li class=\"choice-1 depth-1\"><input type=\"radio\" id=\"wpforms-4505-field_3_1\" name=\"wpforms[fields][3]\" value=\"Un professionnel\"  ><label class=\"wpforms-field-label-inline\" for=\"wpforms-4505-field_3_1\">Un professionnel<\/label><\/li><li class=\"choice-2 depth-1\"><input type=\"radio\" id=\"wpforms-4505-field_3_2\" name=\"wpforms[fields][3]\" value=\"Un particulier\"  ><label class=\"wpforms-field-label-inline\" for=\"wpforms-4505-field_3_2\">Un particulier<\/label><\/li><\/ul><\/div><div id=\"wpforms-4505-field_4-container\" class=\"wpforms-field wpforms-field-radio\" data-field-id=\"4\"><label class=\"wpforms-field-label\">Type de projet<\/label><ul id=\"wpforms-4505-field_4\"><li class=\"choice-1 depth-1\"><input type=\"radio\" id=\"wpforms-4505-field_4_1\" name=\"wpforms[fields][4]\" value=\"R\u00e9novation compl\u00e8te\"  ><label class=\"wpforms-field-label-inline\" for=\"wpforms-4505-field_4_1\">R\u00e9novation compl\u00e8te<\/label><\/li><li class=\"choice-2 depth-1\"><input type=\"radio\" id=\"wpforms-4505-field_4_2\" name=\"wpforms[fields][4]\" value=\"R\u00e9novation partielle\"  ><label class=\"wpforms-field-label-inline\" for=\"wpforms-4505-field_4_2\">R\u00e9novation partielle<\/label><\/li><li class=\"choice-3 depth-1\"><input type=\"radio\" id=\"wpforms-4505-field_4_3\" name=\"wpforms[fields][4]\" value=\"D\u00e9coration\"  ><label class=\"wpforms-field-label-inline\" for=\"wpforms-4505-field_4_3\">D\u00e9coration<\/label><\/li><li class=\"choice-4 depth-1\"><input type=\"radio\" id=\"wpforms-4505-field_4_4\" name=\"wpforms[fields][4]\" value=\"Autre\"  ><label class=\"wpforms-field-label-inline\" for=\"wpforms-4505-field_4_4\">Autre<\/label><\/li><\/ul><\/div><div id=\"wpforms-4505-field_5-container\" class=\"wpforms-field wpforms-field-text\" data-field-id=\"5\"><label class=\"wpforms-field-label\" for=\"wpforms-4505-field_5\">Surface (M2)<\/label><input type=\"text\" id=\"wpforms-4505-field_5\" class=\"wpforms-field-small\" name=\"wpforms[fields][5]\" ><\/div><div id=\"wpforms-4505-field_6-container\" class=\"wpforms-field wpforms-field-text\" data-field-id=\"6\"><label class=\"wpforms-field-label\" for=\"wpforms-4505-field_6\">Budget estim\u00e9 ( en euros ) <span class=\"wpforms-required-label\">*<\/span><\/label><input type=\"text\" id=\"wpforms-4505-field_6\" class=\"wpforms-field-small wpforms-field-required\" name=\"wpforms[fields][6]\" required><\/div><div id=\"wpforms-4505-field_2-container\" class=\"wpforms-field wpforms-field-textarea\" data-field-id=\"2\"><label class=\"wpforms-field-label\" for=\"wpforms-4505-field_2\">DECRIVEZ VOTRE PROJET  <span class=\"wpforms-required-label\">*<\/span><\/label><textarea id=\"wpforms-4505-field_2\" class=\"wpforms-field-medium wpforms-field-required\" name=\"wpforms[fields][2]\" placeholder=\"(Type de biens, prestations souhait\u00e9es, objectifs recherch\u00e9s, d\u00e9lai id\u00e9al)\" required><\/textarea><div class=\"wpforms-field-description\">(Type de biens, prestations souhait\u00e9es, objectifs recherch\u00e9s, d\u00e9lai id\u00e9al)<\/div><\/div><\/div><!-- .wpforms-field-container --><div class=\"wpforms-recaptcha-container wpforms-is-recaptcha wpforms-is-recaptcha-type-v3\" ><input type=\"hidden\" name=\"wpforms[recaptcha]\" value=\"\"><\/div><div class=\"wpforms-submit-container\" ><input type=\"hidden\" name=\"wpforms[id]\" value=\"4505\"><input type=\"hidden\" name=\"page_title\" value=\"\"><input type=\"hidden\" name=\"page_url\" value=\"https:\/\/www.klzstudio.com\/en\/wp-json\/wp\/v2\/pages\/7883\"><input type=\"hidden\" name=\"url_referer\" value=\"\"><button type=\"submit\" name=\"wpforms[submit]\" id=\"wpforms-submit-4505\" class=\"wpforms-submit\" data-alt-text=\"Envoi...\" data-submit-text=\"Envoyer\" aria-live=\"assertive\" value=\"wpforms-submit\">Envoyer<\/button><img decoding=\"async\" data-src=\"https:\/\/www.klzstudio.com\/wp-content\/plugins\/wpforms-lite\/assets\/images\/submit-spin.svg\" class=\"wpforms-submit-spinner lazyload\" style=\"--smush-placeholder-width: 26px; --smush-placeholder-aspect-ratio: 26\/26;display: none;\" width=\"26\" height=\"26\" alt=\"Loading\" src=\"data:image\/svg+xml;base64,PHN2ZyB3aWR0aD0iMSIgaGVpZ2h0PSIxIiB4bWxucz0iaHR0cDovL3d3dy53My5vcmcvMjAwMC9zdmciPjwvc3ZnPg==\"><\/div><\/form><\/div>  <!-- .wpforms-container -->\n<\/div>\n<\/div>\n\n\n<p class=\"gb-headline gb-headline-5c93d1c2 gb-headline-text\">Nous sommes impatients d\u2019\u00e9changer avec vous<br>et de concr\u00e9tiser votre vision.<\/p>\n\n\n\n<style>\n  #wpforms-form-4505 {\n    color: var(--7a633c);\n    text-transform: uppercase !important;\n  }\n\n form > label, form >div{\n    text-transform: uppercase !important;\n  }\n\n\n  #wpforms-form-4505 textarea {\n    resize: none;\n    border: 1px solid var(--f5efed);\n    background-color: var(--f5efed);\n    color: var(--7a633c);\n  }\n\n  #wpforms-form-4505 textarea::placeholder {\n    color: var(--7a633c);\n  }\n\n  #wpforms-form-4505 input {\n    border: none;\n    border-bottom: 1px solid var(--7a633c);\n    accent-color: var(--7a633c);\n  }\n  #wpforms-form-4505 .wpforms-required-label {\n    color: var(--7a633c);\n  }\n\n  #wpforms-form-4505 .wpforms-submit-container {\n    display: flex;\n    justify-content: center;\n    align-items: center;\n  }\n\n  #wpforms-form-4505 .wpforms-submit-container button {\n    background-color: var(--8f593c);\n    color: var(--f5efed);\n    width: 300px;\n  }\n\n  .wpforms-confirmation-4505 {\n    background: none;\n    border: none;\n    text-align: center;\n    color: var(--7a633c);\n  }\n\n.wpforms-submit {\npadding: 10px 0 !important;\nfont-size: 17px !important;\nfont-weight: bold !important;\nwidth:200px !important;\nborder: 2px solid white !important;\n}\n\n.wpforms-confirmation-container-full{\n    background: none;\n    border: none;\n}\n.wpforms-confirmation-container-full p{\ncolor: var(--7a633c) !important;\nfont-size: 24px !important;\nmargin-bottom: 10px !important;\n}\n<\/style>\n\n<script>\n  document.addEventListener(\"DOMContentLoaded\", function () {});\n<\/script>\n\n<\/div>","protected":false},"excerpt":{"rendered":"<p>D\u00e9crivez-nous votre projet Vous avez un projet en t\u00eate et vous aimeriez nous en parler ?Contactez-nous en remplissant le formulaire de contact ci-dessous pour nous fournir toutes les informations n\u00e9cessaires.Plus vous en direz, mieux nous comprendrons vos besoins et pourrons vous apporter une r\u00e9ponse adapt\u00e9e.Assurez-vous d\u2019inclure toutes les informations demand\u00e9es ainsi que des photos.Nous sommes &#8230; <a title=\"Contact\" class=\"read-more\" href=\"https:\/\/www.klzstudio.com\/en\/contact\/\" aria-label=\"More on Contact\">Read more<\/a><\/p>","protected":false},"author":192,"featured_media":0,"parent":0,"menu_order":0,"comment_status":"closed","ping_status":"closed","template":"","meta":{"_monsterinsights_skip_tracking":false,"_monsterinsights_sitenote_active":false,"_monsterinsights_sitenote_note":"","_monsterinsights_sitenote_category":0,"footnotes":""},"class_list":["post-7883","page","type-page","status-publish"],"_links":{"self":[{"href":"https:\/\/www.klzstudio.com\/en\/wp-json\/wp\/v2\/pages\/7883","targetHints":{"allow":["GET"]}}],"collection":[{"href":"https:\/\/www.klzstudio.com\/en\/wp-json\/wp\/v2\/pages"}],"about":[{"href":"https:\/\/www.klzstudio.com\/en\/wp-json\/wp\/v2\/types\/page"}],"author":[{"embeddable":true,"href":"https:\/\/www.klzstudio.com\/en\/wp-json\/wp\/v2\/users\/192"}],"replies":[{"embeddable":true,"href":"https:\/\/www.klzstudio.com\/en\/wp-json\/wp\/v2\/comments?post=7883"}],"version-history":[{"count":69,"href":"https:\/\/www.klzstudio.com\/en\/wp-json\/wp\/v2\/pages\/7883\/revisions"}],"predecessor-version":[{"id":9633,"href":"https:\/\/www.klzstudio.com\/en\/wp-json\/wp\/v2\/pages\/7883\/revisions\/9633"}],"wp:attachment":[{"href":"https:\/\/www.klzstudio.com\/en\/wp-json\/wp\/v2\/media?parent=7883"}],"curies":[{"name":"wp","href":"https:\/\/api.w.org\/{rel}","templated":true}]}}