{"id":8129,"date":"2024-04-20T10:37:25","date_gmt":"2024-04-20T09:37:25","guid":{"rendered":"https:\/\/www.klzstudio.com\/?page_id=8129"},"modified":"2026-02-25T15:27:37","modified_gmt":"2026-02-25T14:27:37","slug":"neo-retro-appartement","status":"publish","type":"page","link":"https:\/\/www.klzstudio.com\/en\/realisations\/neo-retro-appartement\/","title":{"rendered":"N\u00e9o r\u00e9tro Appartement"},"content":{"rendered":"<div class=\"gb-container gb-container-ca99b01d alignfull\">\n<div class=\"gb-container gb-container-9663aa82\" id=\"realisations-menu\">\n<div class=\"gb-container gb-container-fa5c3c3b\" id=\"previous-button\">\n\n<figure class=\"wp-block-image size-full\"><a href=\"https:\/\/www.klzstudio.com\/en\/realisations\/mamie-colette\/\"><img decoding=\"async\" width=\"22\" height=\"34\" data-src=\"https:\/\/www.klzstudio.com\/wp-content\/uploads\/2024\/04\/left-arrow-color2.png\" alt=\"\" class=\"wp-image-8054 lazyload\" data-srcset=\"https:\/\/www.klzstudio.com\/wp-content\/uploads\/2024\/04\/left-arrow-color2.png 22w, https:\/\/www.klzstudio.com\/wp-content\/uploads\/2024\/04\/left-arrow-color2-8x12.png 8w\" data-sizes=\"(max-width: 22px) 100vw, 22px\" src=\"data:image\/svg+xml;base64,PHN2ZyB3aWR0aD0iMSIgaGVpZ2h0PSIxIiB4bWxucz0iaHR0cDovL3d3dy53My5vcmcvMjAwMC9zdmciPjwvc3ZnPg==\" style=\"--smush-placeholder-width: 22px; --smush-placeholder-aspect-ratio: 22\/34;\" \/><\/a><\/figure>\n\n\n\n<h4 class=\"gb-headline gb-headline-49a8c995 gb-headline-text\" id=\"previous-project\"><a href=\"https:\/\/www.klzstudio.com\/en\/realisations\/peniche2\/\" data-type=\"page\" data-id=\"9533\">PREVIOUS PROJECT<\/a><\/h4>\n\n<\/div>\n\n<div class=\"gb-container gb-container-9969c410\">\n\n<h2 class=\"gb-headline gb-headline-9fc19c13 gb-headline-text\">N\u00e9o r\u00e9tro<\/h2>\n\n\n\n<h2 class=\"gb-headline gb-headline-bf2adc85 gb-headline-text\">Appartement<\/h2>\n\n<\/div>\n\n<div class=\"gb-container gb-container-f2f63728\" id=\"next-button\">\n\n<h4 class=\"gb-headline gb-headline-ca4174c3 gb-headline-text\" id=\"next-project\"><a href=\"https:\/\/www.klzstudio.com\/en\/realisations\/imperial\/\" data-type=\"page\" data-id=\"9309\">NEXT PROJECT<\/a><\/h4>\n\n\n\n<figure class=\"wp-block-image size-full\"><a href=\"https:\/\/www.klzstudio.com\/en\/realisations\/les-adrets\/\"><img decoding=\"async\" width=\"22\" height=\"34\" data-src=\"https:\/\/www.klzstudio.com\/wp-content\/uploads\/2024\/04\/right-arrow-color2.png\" alt=\"\" class=\"wp-image-8055 lazyload\" data-srcset=\"https:\/\/www.klzstudio.com\/wp-content\/uploads\/2024\/04\/right-arrow-color2.png 22w, https:\/\/www.klzstudio.com\/wp-content\/uploads\/2024\/04\/right-arrow-color2-8x12.png 8w\" data-sizes=\"(max-width: 22px) 100vw, 22px\" src=\"data:image\/svg+xml;base64,PHN2ZyB3aWR0aD0iMSIgaGVpZ2h0PSIxIiB4bWxucz0iaHR0cDovL3d3dy53My5vcmcvMjAwMC9zdmciPjwvc3ZnPg==\" style=\"--smush-placeholder-width: 22px; --smush-placeholder-aspect-ratio: 22\/34;\" \/><\/a><\/figure>\n\n<\/div>\n<\/div>\n\n<div class=\"gb-container gb-container-bb29854f\">\n\n<style>\n\n#previous-project, #next-project {\ndisplay : none;\n}\n\n\n\n  @media only screen and (min-width: 48em) {\n   \n#previous-project, #next-project {\ndisplay : block;\n}\n\n  }\n<\/style>\n\n<\/div>\n\n<div class=\"gb-container gb-container-48901c06\" id=\"neo-retro-appartement\">\n<div class=\"gb-container gb-container-d0ebc552\">\n\n<p class=\"gb-headline gb-headline-66fde696 gb-headline-text\">PROGRAM :<\/p>\n\n\n\n<p class=\"gb-headline gb-headline-716d99c4 gb-headline-text\"> R\u00e9novation compl\u00e8te &#8211; Architecture d&rsquo;Int\u00e9rieur et Design de mobilier sur mesure<\/p>\n\n<\/div>\n\n<div class=\"gb-container gb-container-581514ca\">\n<div class=\"gb-container gb-container-a8d48a65\">\n\n<p class=\"gb-headline gb-headline-c014298b gb-headline-text\">LOCATION :<\/p>\n\n\n\n<p class=\"gb-headline gb-headline-3c37c10b gb-headline-text\">Cannes<\/p>\n\n<\/div>\n\n<div class=\"gb-container gb-container-18c559bc\">\n\n<p class=\"gb-headline gb-headline-7c4665bc gb-headline-text\"><\/p>\n\n<\/div>\n\n<div class=\"gb-container gb-container-6d548ebf\">\n\n<p class=\"gb-headline gb-headline-aff46b86 gb-headline-text\">PROJECT TYPE :<\/p>\n\n\n\n<p class=\"gb-headline gb-headline-e9d1e88d gb-headline-text\">Residential<\/p>\n\n<\/div>\n\n<div class=\"gb-container gb-container-5dbfb05a\">\n\n<p class=\"gb-headline gb-headline-0c22f4dd gb-headline-text\"><\/p>\n\n<\/div>\n\n<div class=\"gb-container gb-container-cf4d10ce\">\n\n<p class=\"gb-headline gb-headline-6d6e3451 gb-headline-text\">AREA :<\/p>\n\n\n\n<p class=\"gb-headline gb-headline-dc5b2ae6 gb-headline-text\">78M2<\/p>\n\n<\/div>\n\n<div class=\"gb-container gb-container-16a8bc62\"><\/div>\n<\/div>\n\n<div class=\"gb-container gb-container-4c6a8224\">\n\n<p class=\"gb-headline gb-headline-b00f6054 gb-headline-text\">Le projet \u00ab&nbsp;N\u00e9o r\u00e9tro&nbsp;\u00bb s\u2019inspire de l\u2019architecture \u00e9clectique de la ville de Cannes, notamment ses arches et fen\u00eatres \u00e0 voussoirs.<br>Ces \u00e9l\u00e9ments embl\u00e9matiques de l\u2019architecture cannoise, que l\u2019on retrouve notamment dans la cour du Lyc\u00e9e Carnot<br>et au march\u00e9 Forville, ont influenc\u00e9 la conception de l\u2019appartement.<br>Au c\u0153ur de cet espace se trouve un bureau central, agissant comme un pivot<br>autour duquel l\u2019ensemble des pi\u00e8ces est organis\u00e9, \u00e9voquant le dynamisme observ\u00e9 lors des heures de march\u00e9.<br><br>Les cloisons en arches con\u00e7ues pour maximiser la lumi\u00e8re naturelle et favoriser le r\u00e9chauffement en hiver,<br>facilitent la circulation d\u2019air pour rafra\u00eechir l\u2019appartement en \u00e9t\u00e9.<br>Cette approche permet de r\u00e9duire l\u2019utilisation de la climatisation, en coh\u00e9rence avec les enjeux environnementaux du r\u00e9chauffement climatique.<br>Le choix esth\u00e9tique s\u2019est orient\u00e9 vers une esth\u00e9tique n\u00e9o-r\u00e9tro, avec des meubles en noyer inspir\u00e9s du vintage,<br>combin\u00e9s \u00e0 des touches de m\u00e9tal pour y insuffler une touche de modernit\u00e9.<br>Des nuances de vert et de latte ont \u00e9t\u00e9 s\u00e9lectionn\u00e9es pour leur douceur et leur harmonie avec l\u2019ensemble de la d\u00e9coration tout en rondeur.<\/p>\n\n<\/div>\n<\/div>\n\n<div class=\"gb-container gb-container-2fea11ce\">\n<div class=\"gb-container gb-container-cdfe981a\">\n<div class=\"gb-container gb-container-daf3412a\"><\/div>\n\n<div class=\"gb-container gb-container-2e85176d\"><\/div>\n<\/div>\n\n<div class=\"gb-container gb-container-596c2c4d\">\n<div class=\"gb-container gb-container-be8ca61f\"><\/div>\n\n<div class=\"gb-container gb-container-6319d123\"><\/div>\n<\/div>\n<\/div>\n\n<div class=\"gb-container gb-container-baa16fb3\">\n<div class=\"gb-container gb-container-93960dac\">\n<div class=\"gb-container gb-container-0ba7d95c\"><\/div>\n\n<div class=\"gb-container gb-container-764b7247\"><\/div>\n<\/div>\n\n<div class=\"gb-container gb-container-6183d889\">\n<div class=\"gb-container gb-container-05f0a4e3\"><\/div>\n\n<div class=\"gb-container gb-container-4104257f\"><\/div>\n<\/div>\n<\/div>\n<\/div>","protected":false},"excerpt":{"rendered":"<p>PROJET PR\u00c9C\u00c9DENT N\u00e9o r\u00e9tro Appartement PROJET SUIVANT PROGRAMME : R\u00e9novation compl\u00e8te &#8211; Architecture d&rsquo;Int\u00e9rieur et Design de mobilier sur mesure LIEU : Cannes TYPE DE PROJET : R\u00e9sidentiel SURFACE : 78M2 Le projet \u00ab&nbsp;N\u00e9o r\u00e9tro&nbsp;\u00bb s\u2019inspire de l\u2019architecture \u00e9clectique de la ville de Cannes, notamment ses arches et fen\u00eatres \u00e0 voussoirs.Ces \u00e9l\u00e9ments embl\u00e9matiques de l\u2019architecture &#8230; <a title=\"N\u00e9o r\u00e9tro Appartement\" class=\"read-more\" href=\"https:\/\/www.klzstudio.com\/en\/realisations\/neo-retro-appartement\/\" aria-label=\"More on N\u00e9o r\u00e9tro Appartement\">Read more<\/a><\/p>","protected":false},"author":192,"featured_media":0,"parent":7873,"menu_order":0,"comment_status":"closed","ping_status":"closed","template":"","meta":{"_monsterinsights_skip_tracking":false,"_monsterinsights_sitenote_active":false,"_monsterinsights_sitenote_note":"","_monsterinsights_sitenote_category":0,"footnotes":""},"class_list":["post-8129","page","type-page","status-publish"],"_links":{"self":[{"href":"https:\/\/www.klzstudio.com\/en\/wp-json\/wp\/v2\/pages\/8129","targetHints":{"allow":["GET"]}}],"collection":[{"href":"https:\/\/www.klzstudio.com\/en\/wp-json\/wp\/v2\/pages"}],"about":[{"href":"https:\/\/www.klzstudio.com\/en\/wp-json\/wp\/v2\/types\/page"}],"author":[{"embeddable":true,"href":"https:\/\/www.klzstudio.com\/en\/wp-json\/wp\/v2\/users\/192"}],"replies":[{"embeddable":true,"href":"https:\/\/www.klzstudio.com\/en\/wp-json\/wp\/v2\/comments?post=8129"}],"version-history":[{"count":63,"href":"https:\/\/www.klzstudio.com\/en\/wp-json\/wp\/v2\/pages\/8129\/revisions"}],"predecessor-version":[{"id":10075,"href":"https:\/\/www.klzstudio.com\/en\/wp-json\/wp\/v2\/pages\/8129\/revisions\/10075"}],"up":[{"embeddable":true,"href":"https:\/\/www.klzstudio.com\/en\/wp-json\/wp\/v2\/pages\/7873"}],"wp:attachment":[{"href":"https:\/\/www.klzstudio.com\/en\/wp-json\/wp\/v2\/media?parent=8129"}],"curies":[{"name":"wp","href":"https:\/\/api.w.org\/{rel}","templated":true}]}}