{"id":8168,"date":"2024-04-20T11:22:34","date_gmt":"2024-04-20T10:22:34","guid":{"rendered":"https:\/\/www.klzstudio.com\/?page_id=8168"},"modified":"2024-04-22T15:21:54","modified_gmt":"2024-04-22T14:21:54","slug":"tignes","status":"publish","type":"page","link":"https:\/\/www.klzstudio.com\/en\/realisations\/tignes\/","title":{"rendered":"Tignes"},"content":{"rendered":"<div class=\"gb-container gb-container-ca99b01d alignfull\">\n<div class=\"gb-container gb-container-9663aa82\" id=\"realisations-menu\">\n<div class=\"gb-container gb-container-fa5c3c3b\" id=\"previous-button\">\n\n<figure class=\"wp-block-image size-full\"><img decoding=\"async\" width=\"22\" height=\"34\" data-src=\"https:\/\/www.klzstudio.com\/wp-content\/uploads\/2024\/04\/left-arrow-color2.png\" alt=\"\" class=\"wp-image-8054 lazyload\" data-srcset=\"https:\/\/www.klzstudio.com\/wp-content\/uploads\/2024\/04\/left-arrow-color2.png 22w, https:\/\/www.klzstudio.com\/wp-content\/uploads\/2024\/04\/left-arrow-color2-8x12.png 8w\" data-sizes=\"(max-width: 22px) 100vw, 22px\" src=\"data:image\/svg+xml;base64,PHN2ZyB3aWR0aD0iMSIgaGVpZ2h0PSIxIiB4bWxucz0iaHR0cDovL3d3dy53My5vcmcvMjAwMC9zdmciPjwvc3ZnPg==\" style=\"--smush-placeholder-width: 22px; --smush-placeholder-aspect-ratio: 22\/34;\" \/><\/figure>\n\n\n\n<h4 class=\"gb-headline gb-headline-49a8c995 gb-headline-text\"><a href=\"https:\/\/www.klzstudio.com\/en\/realisations\/neo-retro-appartement\/\" title=\"N\u00e9o r\u00e9tro Appartement\">PREVIOUS PROJECT<\/a><\/h4>\n\n<\/div>\n\n<div class=\"gb-container gb-container-f2f63728\" id=\"next-button\">\n\n<h4 class=\"gb-headline gb-headline-ca4174c3 gb-headline-text\"><a href=\"https:\/\/www.klzstudio.com\/en\/realisations\/villa-des-adrets\/\" title=\"Villa des adrets\">NEXT PROJECT<\/a><\/h4>\n\n\n\n<figure class=\"wp-block-image size-full\"><img decoding=\"async\" width=\"22\" height=\"34\" data-src=\"https:\/\/www.klzstudio.com\/wp-content\/uploads\/2024\/04\/right-arrow-color2.png\" alt=\"\" class=\"wp-image-8055 lazyload\" data-srcset=\"https:\/\/www.klzstudio.com\/wp-content\/uploads\/2024\/04\/right-arrow-color2.png 22w, https:\/\/www.klzstudio.com\/wp-content\/uploads\/2024\/04\/right-arrow-color2-8x12.png 8w\" data-sizes=\"(max-width: 22px) 100vw, 22px\" src=\"data:image\/svg+xml;base64,PHN2ZyB3aWR0aD0iMSIgaGVpZ2h0PSIxIiB4bWxucz0iaHR0cDovL3d3dy53My5vcmcvMjAwMC9zdmciPjwvc3ZnPg==\" style=\"--smush-placeholder-width: 22px; --smush-placeholder-aspect-ratio: 22\/34;\" \/><\/figure>\n\n<\/div>\n<\/div>\n\n<div class=\"gb-container gb-container-48901c06\">\n\n<h2 class=\"gb-headline gb-headline-9fc19c13 gb-headline-text\">Tignes<\/h2>\n\n\n<div class=\"gb-container gb-container-d0ebc552\">\n\n<p class=\"gb-headline gb-headline-66fde696 gb-headline-text\">PROGRAM :<\/p>\n\n\n\n<p class=\"gb-headline gb-headline-716d99c4 gb-headline-text\"> Agencement, am\u00e9nagement, d\u00e9coration et s\u00e9lection de mobilier<\/p>\n\n<\/div>\n\n<div class=\"gb-container gb-container-581514ca\">\n<div class=\"gb-container gb-container-a8d48a65\">\n\n<p class=\"gb-headline gb-headline-c014298b gb-headline-text\">LOCATION :<\/p>\n\n\n\n<p class=\"gb-headline gb-headline-3c37c10b gb-headline-text\">Cannes<\/p>\n\n<\/div>\n\n<div class=\"gb-container gb-container-18c559bc\">\n\n<p class=\"gb-headline gb-headline-7c4665bc gb-headline-text\"><\/p>\n\n<\/div>\n\n<div class=\"gb-container gb-container-6d548ebf\">\n\n<p class=\"gb-headline gb-headline-aff46b86 gb-headline-text\">PROJECT TYPE :<\/p>\n\n\n\n<p class=\"gb-headline gb-headline-e9d1e88d gb-headline-text\">Residential<\/p>\n\n<\/div>\n\n<div class=\"gb-container gb-container-5dbfb05a\">\n\n<p class=\"gb-headline gb-headline-0c22f4dd gb-headline-text\"><\/p>\n\n<\/div>\n\n<div class=\"gb-container gb-container-cf4d10ce\">\n\n<p class=\"gb-headline gb-headline-6d6e3451 gb-headline-text\">AREA :<\/p>\n\n\n\n<p class=\"gb-headline gb-headline-dc5b2ae6 gb-headline-text\">78M2<\/p>\n\n<\/div>\n\n<div class=\"gb-container gb-container-16a8bc62\"><\/div>\n<\/div>\n\n<div class=\"gb-container gb-container-4c6a8224\">\n\n<p class=\"gb-headline gb-headline-b00f6054 gb-headline-text\">Espace cuisine \u2013 salle \u00e0 manger , Espace salon, Chambre parentale \u2013 coin coiffeuse, Chambre parentale<\/p>\n\n<\/div>\n\n<div class=\"gb-container gb-container-b4436a4e\">\n<div class=\"gb-container gb-container-5160abfd\"><\/div>\n\n<div class=\"gb-container gb-container-52857784\"><\/div>\n\n<div class=\"gb-container gb-container-ce0a5fd3\"><\/div>\n\n<div class=\"gb-container gb-container-45dc909b\"><\/div>\n<\/div>\n<\/div>\n<\/div>","protected":false},"excerpt":{"rendered":"<p>PROJET PR\u00c9C\u00c9DENT PROJET SUIVANT Tignes PROGRAMME : Agencement, am\u00e9nagement, d\u00e9coration et s\u00e9lection de mobilier LIEU : Cannes TYPE DE PROJET : R\u00e9sidentiel SURFACE : 78M2 Espace cuisine \u2013 salle \u00e0 manger , Espace salon, Chambre parentale \u2013 coin coiffeuse, Chambre parentale<\/p>","protected":false},"author":192,"featured_media":0,"parent":7873,"menu_order":0,"comment_status":"closed","ping_status":"closed","template":"","meta":{"_monsterinsights_skip_tracking":false,"_monsterinsights_sitenote_active":false,"_monsterinsights_sitenote_note":"","_monsterinsights_sitenote_category":0,"footnotes":""},"class_list":["post-8168","page","type-page","status-publish"],"_links":{"self":[{"href":"https:\/\/www.klzstudio.com\/en\/wp-json\/wp\/v2\/pages\/8168","targetHints":{"allow":["GET"]}}],"collection":[{"href":"https:\/\/www.klzstudio.com\/en\/wp-json\/wp\/v2\/pages"}],"about":[{"href":"https:\/\/www.klzstudio.com\/en\/wp-json\/wp\/v2\/types\/page"}],"author":[{"embeddable":true,"href":"https:\/\/www.klzstudio.com\/en\/wp-json\/wp\/v2\/users\/192"}],"replies":[{"embeddable":true,"href":"https:\/\/www.klzstudio.com\/en\/wp-json\/wp\/v2\/comments?post=8168"}],"version-history":[{"count":10,"href":"https:\/\/www.klzstudio.com\/en\/wp-json\/wp\/v2\/pages\/8168\/revisions"}],"predecessor-version":[{"id":8361,"href":"https:\/\/www.klzstudio.com\/en\/wp-json\/wp\/v2\/pages\/8168\/revisions\/8361"}],"up":[{"embeddable":true,"href":"https:\/\/www.klzstudio.com\/en\/wp-json\/wp\/v2\/pages\/7873"}],"wp:attachment":[{"href":"https:\/\/www.klzstudio.com\/en\/wp-json\/wp\/v2\/media?parent=8168"}],"curies":[{"name":"wp","href":"https:\/\/api.w.org\/{rel}","templated":true}]}}