{"id":8615,"date":"2024-04-27T21:44:28","date_gmt":"2024-04-27T20:44:28","guid":{"rendered":"https:\/\/www.klzstudio.com\/?page_id=8615"},"modified":"2024-05-15T19:16:29","modified_gmt":"2024-05-15T18:16:29","slug":"mentions-legales","status":"publish","type":"page","link":"https:\/\/www.klzstudio.com\/en\/mentions-legales\/","title":{"rendered":"Mentions l\u00e9gales"},"content":{"rendered":"<div class=\"gb-container gb-container-291ae347\">\n<div class=\"gb-container gb-container-e8697b2c\">\n\n<h2 class=\"gb-headline gb-headline-b1b3e1e0 gb-headline-text\">Mentions l\u00e9gales<\/h2>\n\n\n\n<p class=\"gb-headline gb-headline-5e219128 gb-headline-text\"><strong>RESPONSABLE DE PUBLICATION<\/strong>  : Karine LEPOLOZEC<br><strong>INFORMATION SOCIETE <\/strong>KLZ Studio<br>Soci\u00e9t\u00e9 par actions simplifi\u00e9e (Soci\u00e9t\u00e9 \u00e0 actionnaire unique <strong>SASU<\/strong> au capital de 5 000 \u20ac)<br><strong>SIRET<\/strong>&nbsp;:&nbsp;912910239 00017<br><strong>Mail<\/strong>&nbsp;: contact@klz.fr<br><strong>Registre du commerce<\/strong>&nbsp;:&nbsp;12 910 239 R.C.S.Cannes<br><strong>CODE APE<\/strong>&nbsp;\u2013 7410Z<br><strong>Activit\u00e9s principales<\/strong>&nbsp;: Architecture d\u2019int\u00e9rieur, Design, achat et revente de meubles et\/ou d\u2019articles de d\u00e9coration.<br><strong>N\u00b0 TVA&nbsp;<\/strong>: FR 40912910239<br><strong>Si\u00e8ge social<\/strong>&nbsp;: 6 All\u00e9e du Parc Beauvallon \u2013 06 400 Cannes \u2013 France&nbsp;<br><strong>Pr\u00e9sidente<\/strong>&nbsp;: Karine LEPOLOZEC<\/p>\n\n\n\n<p class=\"gb-headline gb-headline-c86f0d81 gb-headline-text\"><strong>HEBERGEUR<\/strong> du Site web https:\/\/www.klzstudio.com<br><br><strong>IONOS SARL<br><\/strong>7, place de la gare<br>BP 70109<br>57200 Sarreguemines Cedex<br>SARL au capital de 100 000 EUR<br><strong>Registre du commerce<\/strong> : RCS Sarreguemines B 431 303 775<br><strong>SIRET<\/strong> 431 303 775 000 16<br><strong>Code APE<\/strong> : 6201Z<br><strong>Identification intracommunautaire<\/strong> FR 13 431303775&nbsp;<br>T\u00e9l. : 0970 808 911<br>info@ionos.fr<br><br>Le site web https:\/\/www.klzstudio.com est h\u00e9berg\u00e9 sur les serveurs de&nbsp;: <strong>IONOS SE&nbsp;<\/strong><\/p>\n\n\n\n<p class=\"gb-headline gb-headline-57a01718 gb-headline-text\"><strong>IONOS SE<br><\/strong>Elgendorfer Str. 57<br>56410 Montabaur, Allemagne<br>Capital de 5 814 171 EUR<br><strong>RCS<\/strong> Charlottenburg HRB 125506 B<br><strong>SIRET<\/strong> 29 026 63822<br>T\u00e9l. : 0176 540 941<br>info@cloud.ionos.de<\/p>\n\n<\/div>\n<\/div>","protected":false},"excerpt":{"rendered":"<p>Mentions l\u00e9gales RESPONSABLE DE PUBLICATION : Karine LEPOLOZECINFORMATION SOCIETE KLZ StudioSoci\u00e9t\u00e9 par actions simplifi\u00e9e (Soci\u00e9t\u00e9 \u00e0 actionnaire unique SASU au capital de 5 000 \u20ac)SIRET&nbsp;:&nbsp;912910239 00017Mail&nbsp;: contact@klz.frRegistre du commerce&nbsp;:&nbsp;12 910 239 R.C.S.CannesCODE APE&nbsp;\u2013 7410ZActivit\u00e9s principales&nbsp;: Architecture d\u2019int\u00e9rieur, Design, achat et revente de meubles et\/ou d\u2019articles de d\u00e9coration.N\u00b0 TVA&nbsp;: FR 40912910239Si\u00e8ge social&nbsp;: 6 All\u00e9e du Parc &#8230; <a title=\"Mentions l\u00e9gales\" class=\"read-more\" href=\"https:\/\/www.klzstudio.com\/en\/mentions-legales\/\" aria-label=\"More on Mentions l\u00e9gales\">Read more<\/a><\/p>","protected":false},"author":192,"featured_media":0,"parent":0,"menu_order":0,"comment_status":"closed","ping_status":"closed","template":"","meta":{"_monsterinsights_skip_tracking":false,"_monsterinsights_sitenote_active":false,"_monsterinsights_sitenote_note":"","_monsterinsights_sitenote_category":0,"footnotes":""},"class_list":["post-8615","page","type-page","status-publish"],"_links":{"self":[{"href":"https:\/\/www.klzstudio.com\/en\/wp-json\/wp\/v2\/pages\/8615","targetHints":{"allow":["GET"]}}],"collection":[{"href":"https:\/\/www.klzstudio.com\/en\/wp-json\/wp\/v2\/pages"}],"about":[{"href":"https:\/\/www.klzstudio.com\/en\/wp-json\/wp\/v2\/types\/page"}],"author":[{"embeddable":true,"href":"https:\/\/www.klzstudio.com\/en\/wp-json\/wp\/v2\/users\/192"}],"replies":[{"embeddable":true,"href":"https:\/\/www.klzstudio.com\/en\/wp-json\/wp\/v2\/comments?post=8615"}],"version-history":[{"count":14,"href":"https:\/\/www.klzstudio.com\/en\/wp-json\/wp\/v2\/pages\/8615\/revisions"}],"predecessor-version":[{"id":9501,"href":"https:\/\/www.klzstudio.com\/en\/wp-json\/wp\/v2\/pages\/8615\/revisions\/9501"}],"wp:attachment":[{"href":"https:\/\/www.klzstudio.com\/en\/wp-json\/wp\/v2\/media?parent=8615"}],"curies":[{"name":"wp","href":"https:\/\/api.w.org\/{rel}","templated":true}]}}