{"id":9267,"date":"2024-05-13T16:37:46","date_gmt":"2024-05-13T15:37:46","guid":{"rendered":"https:\/\/www.klzstudio.com\/?page_id=9267"},"modified":"2026-03-04T20:10:29","modified_gmt":"2026-03-04T19:10:29","slug":"mamie-colette","status":"publish","type":"page","link":"https:\/\/www.klzstudio.com\/en\/realisations\/mamie-colette\/","title":{"rendered":"Mamie Colette"},"content":{"rendered":"<div class=\"gb-container gb-container-ca99b01d alignfull\">\n<div class=\"gb-container gb-container-9663aa82\" id=\"realisations-menu\">\n<div class=\"gb-container gb-container-fa5c3c3b\" id=\"previous-button\">\n\n<figure class=\"wp-block-image size-full\"><a href=\"https:\/\/www.klzstudio.com\/en\/realisations\/imperial\/\"><img decoding=\"async\" width=\"22\" height=\"34\" data-src=\"https:\/\/www.klzstudio.com\/wp-content\/uploads\/2024\/04\/left-arrow-color2.png\" alt=\"\" class=\"wp-image-8054 lazyload\" data-srcset=\"https:\/\/www.klzstudio.com\/wp-content\/uploads\/2024\/04\/left-arrow-color2.png 22w, https:\/\/www.klzstudio.com\/wp-content\/uploads\/2024\/04\/left-arrow-color2-8x12.png 8w\" data-sizes=\"(max-width: 22px) 100vw, 22px\" src=\"data:image\/svg+xml;base64,PHN2ZyB3aWR0aD0iMSIgaGVpZ2h0PSIxIiB4bWxucz0iaHR0cDovL3d3dy53My5vcmcvMjAwMC9zdmciPjwvc3ZnPg==\" style=\"--smush-placeholder-width: 22px; --smush-placeholder-aspect-ratio: 22\/34;\" \/><\/a><\/figure>\n\n\n\n<h4 class=\"gb-headline gb-headline-49a8c995 gb-headline-text\" id=\"previous-project\"><a title=\"N\u00e9o r\u00e9tro Appartement\" href=\"https:\/\/www.klzstudio.com\/en\/realisations\/imperial\/\">PROJET <\/a><a href=\"https:\/\/www.klzstudio.com\/en\/realisations\/comptoir-ceramica\/\">PR\u00c9C\u00c9DENT<\/a><\/h4>\n\n<\/div>\n\n<div class=\"gb-container gb-container-9969c410\">\n\n<h2 class=\"gb-headline gb-headline-9fc19c13 gb-headline-text\">Mamie Colette<\/h2>\n\n\n\n<h2 class=\"gb-headline gb-headline-6f88aa87 gb-headline-text\">Bakery<\/h2>\n\n<\/div>\n\n<div class=\"gb-container gb-container-f2f63728\" id=\"next-button\">\n\n<h4 class=\"gb-headline gb-headline-ca4174c3 gb-headline-text\" id=\"next-project\"><a href=\"https:\/\/www.klzstudio.com\/en\/realisations\/chambre-haut-de-gamme-esprit-hotel\/\">NEXT PROJECT<\/a><\/h4>\n\n\n\n<figure class=\"wp-block-image size-full\"><a href=\"https:\/\/www.klzstudio.com\/en\/realisations\/neo-retro-appartement\/\"><img decoding=\"async\" width=\"22\" height=\"34\" data-src=\"https:\/\/www.klzstudio.com\/wp-content\/uploads\/2024\/04\/right-arrow-color2.png\" alt=\"\" class=\"wp-image-8055 lazyload\" data-srcset=\"https:\/\/www.klzstudio.com\/wp-content\/uploads\/2024\/04\/right-arrow-color2.png 22w, https:\/\/www.klzstudio.com\/wp-content\/uploads\/2024\/04\/right-arrow-color2-8x12.png 8w\" data-sizes=\"(max-width: 22px) 100vw, 22px\" src=\"data:image\/svg+xml;base64,PHN2ZyB3aWR0aD0iMSIgaGVpZ2h0PSIxIiB4bWxucz0iaHR0cDovL3d3dy53My5vcmcvMjAwMC9zdmciPjwvc3ZnPg==\" style=\"--smush-placeholder-width: 22px; --smush-placeholder-aspect-ratio: 22\/34;\" \/><\/a><\/figure>\n\n<\/div>\n<\/div>\n\n<div class=\"gb-container gb-container-bb29854f\">\n\n<style>\n\n#previous-project, #next-project {\ndisplay : none;\n}\n\n\n\n  @media only screen and (min-width: 48em) {\n   \n#previous-project, #next-project {\ndisplay : block;\n}\n\n  }\n<\/style>\n\n<\/div>\n\n<div class=\"gb-container gb-container-48901c06\" id=\"neo-retro-appartement\">\n<div class=\"gb-container gb-container-d0ebc552\">\n\n<p class=\"gb-headline gb-headline-66fde696 gb-headline-text\">PROGRAM :<\/p>\n\n\n\n<p class=\"gb-headline gb-headline-716d99c4 gb-headline-text\">Cr\u00e9ation et agencement de la Boulangerie \u00ab\u00a0Mamie Colette\u00a0\u00bb aux \u00c9tats-Unis <\/p>\n\n<\/div>\n\n<div class=\"gb-container gb-container-581514ca\">\n<div class=\"gb-container gb-container-a8d48a65\">\n\n<p class=\"gb-headline gb-headline-c014298b gb-headline-text\">LOCATION :<\/p>\n\n\n\n<p class=\"gb-headline gb-headline-3c37c10b gb-headline-text\">Newtown<\/p>\n\n<\/div>\n\n<div class=\"gb-container gb-container-18c559bc\">\n\n<p class=\"gb-headline gb-headline-7c4665bc gb-headline-text\"><\/p>\n\n<\/div>\n\n<div class=\"gb-container gb-container-6d548ebf\">\n\n<p class=\"gb-headline gb-headline-aff46b86 gb-headline-text\">PROJECT TYPE :<\/p>\n\n\n\n<p class=\"gb-headline gb-headline-e9d1e88d gb-headline-text\">Professional <\/p>\n\n<\/div>\n\n<div class=\"gb-container gb-container-5dbfb05a\">\n\n<p class=\"gb-headline gb-headline-0c22f4dd gb-headline-text\"><\/p>\n\n<\/div>\n\n<div class=\"gb-container gb-container-cf4d10ce\">\n\n<p class=\"gb-headline gb-headline-6d6e3451 gb-headline-text\">AREA :<\/p>\n\n\n\n<p class=\"gb-headline gb-headline-dc5b2ae6 gb-headline-text\">110 M2<\/p>\n\n<\/div>\n\n<div class=\"gb-container gb-container-16a8bc62\"><\/div>\n<\/div>\n\n<div class=\"gb-container gb-container-4c6a8224\">\n\n<p class=\"gb-headline gb-headline-41abbeb6 gb-headline-text\">KLZ Studio a assur\u00e9 la&nbsp;<strong>direction artistique<\/strong>&nbsp;et la&nbsp;<strong>conception d\u2019am\u00e9nagement int\u00e9rieur<\/strong>, en collaboration avec l\u2019architecte local, pour transformer un volume brut en un commerce pr\u00eat \u00e0 exploiter. L\u2019enjeu \u00e9tait double : installer une&nbsp;<strong>ambiance chaleureuse<\/strong>&nbsp;et construire un espace performant, adapt\u00e9 \u00e0 un usage&nbsp;<strong>professionnel de type ERP<\/strong>&nbsp;(accueil du public), avec une attention particuli\u00e8re port\u00e9e \u00e0 l\u2019<strong>ergonomie<\/strong>, aux&nbsp;<strong>circulations<\/strong>&nbsp;et \u00e0 l\u2019<strong>exp\u00e9rience client<\/strong>.<\/p>\n\n\n\n<p class=\"gb-headline gb-headline-6361d2fa gb-headline-text\">Nous avons travaill\u00e9 la fluidit\u00e9 du parcours :&nbsp;<strong>lecture imm\u00e9diate de l\u2019offre<\/strong>, mise en valeur des vitrines,&nbsp;<strong>implantation du comptoir<\/strong>, et organisation des zones de commande \/ attente \/ retrait afin de limiter les croisements et d\u2019am\u00e9liorer le confort en p\u00e9riode d\u2019affluence. Le mobilier a \u00e9t\u00e9 dessin\u00e9&nbsp;<strong>sur mesure<\/strong>&nbsp;et r\u00e9alis\u00e9 par des entreprises locales :&nbsp;<strong>comptoirs et rangements<\/strong> ,noir et gris anthracite, pour une esth\u00e9tique&nbsp;<strong>industrielle contemporaine<\/strong>&nbsp;robuste et facile d\u2019entretien, en coh\u00e9rence avec les contraintes du quotidien (service, nettoyage, durabilit\u00e9).<\/p>\n\n\n\n<p class=\"gb-headline gb-headline-ce10ed73 gb-headline-text\">Pour r\u00e9chauffer l\u2019ensemble, une teinte&nbsp;<strong>terracotta<\/strong>&nbsp;a \u00e9t\u00e9 choisie comme signature, \u00e9voquant les tonalit\u00e9s gourmandes de la p\u00e2tisserie fran\u00e7aise. L\u2019identit\u00e9 de marque s\u2019affirme enfin \u00e0 travers un&nbsp;<strong>papier peint<\/strong>&nbsp;inspir\u00e9 de l\u2019univers d\u00e9cal\u00e9 de&nbsp;<strong>Monty Python<\/strong>, ponctu\u00e9 d\u2019un clin d\u2019\u0153il iconique : une&nbsp;<strong>Tour Eiffel<\/strong>&nbsp;au c\u0153ur du lieu. Un projet pens\u00e9 comme un d\u00e9cor vivant, o\u00f9 l\u2019<strong>image<\/strong>&nbsp;sert la&nbsp;<strong>fonction<\/strong>, et o\u00f9 chaque d\u00e9tail soutient l\u2019exploitation d\u2019un commerce ouvert au public.<\/p>\n\n<\/div>\n<\/div>\n\n<div class=\"gb-container gb-container-2fea11ce\">\n<div class=\"gb-container gb-container-cdfe981a\">\n<div class=\"gb-container gb-container-daf3412a\"><\/div>\n\n<div class=\"gb-container gb-container-2e85176d\"><\/div>\n<\/div>\n\n<div class=\"gb-container gb-container-596c2c4d\">\n<div class=\"gb-container gb-container-be8ca61f\"><\/div>\n\n<div class=\"gb-container gb-container-6319d123\"><\/div>\n<\/div>\n<\/div>\n\n<div class=\"gb-container gb-container-bd39d7ea\">\n<div class=\"gb-container gb-container-7475f131\">\n<div class=\"gb-container gb-container-85c2ecaa\"><\/div>\n\n<div class=\"gb-container gb-container-65ced64a\"><\/div>\n<\/div>\n\n<div class=\"gb-container gb-container-33ea3bb2\">\n<div class=\"gb-container gb-container-eb947348\"><\/div>\n\n<div class=\"gb-container gb-container-754d1f54\"><\/div>\n<\/div>\n<\/div>\n<\/div>","protected":false},"excerpt":{"rendered":"<p>PROJET PR\u00c9C\u00c9DENT Mamie Colette Bakery PROJET SUIVANT PROGRAMME : Cr\u00e9ation et agencement de la Boulangerie \u00ab\u00a0Mamie Colette\u00a0\u00bb aux \u00c9tats-Unis LIEU : Newtown TYPE DE PROJET : Professionnel SURFACE : 110 M2 KLZ Studio a assur\u00e9 la&nbsp;direction artistique&nbsp;et la&nbsp;conception d\u2019am\u00e9nagement int\u00e9rieur, en collaboration avec l\u2019architecte local, pour transformer un volume brut en un commerce pr\u00eat \u00e0 &#8230; <a title=\"Mamie Colette\" class=\"read-more\" href=\"https:\/\/www.klzstudio.com\/en\/realisations\/mamie-colette\/\" aria-label=\"More on Mamie Colette\">Read more<\/a><\/p>","protected":false},"author":149,"featured_media":0,"parent":7873,"menu_order":0,"comment_status":"closed","ping_status":"closed","template":"","meta":{"_monsterinsights_skip_tracking":false,"_monsterinsights_sitenote_active":false,"_monsterinsights_sitenote_note":"","_monsterinsights_sitenote_category":0,"footnotes":""},"class_list":["post-9267","page","type-page","status-publish"],"_links":{"self":[{"href":"https:\/\/www.klzstudio.com\/en\/wp-json\/wp\/v2\/pages\/9267","targetHints":{"allow":["GET"]}}],"collection":[{"href":"https:\/\/www.klzstudio.com\/en\/wp-json\/wp\/v2\/pages"}],"about":[{"href":"https:\/\/www.klzstudio.com\/en\/wp-json\/wp\/v2\/types\/page"}],"author":[{"embeddable":true,"href":"https:\/\/www.klzstudio.com\/en\/wp-json\/wp\/v2\/users\/149"}],"replies":[{"embeddable":true,"href":"https:\/\/www.klzstudio.com\/en\/wp-json\/wp\/v2\/comments?post=9267"}],"version-history":[{"count":29,"href":"https:\/\/www.klzstudio.com\/en\/wp-json\/wp\/v2\/pages\/9267\/revisions"}],"predecessor-version":[{"id":10128,"href":"https:\/\/www.klzstudio.com\/en\/wp-json\/wp\/v2\/pages\/9267\/revisions\/10128"}],"up":[{"embeddable":true,"href":"https:\/\/www.klzstudio.com\/en\/wp-json\/wp\/v2\/pages\/7873"}],"wp:attachment":[{"href":"https:\/\/www.klzstudio.com\/en\/wp-json\/wp\/v2\/media?parent=9267"}],"curies":[{"name":"wp","href":"https:\/\/api.w.org\/{rel}","templated":true}]}}