{"id":9309,"date":"2024-05-13T21:07:00","date_gmt":"2024-05-13T20:07:00","guid":{"rendered":"https:\/\/www.klzstudio.com\/?page_id=9309"},"modified":"2026-02-25T15:33:32","modified_gmt":"2026-02-25T14:33:32","slug":"imperial","status":"publish","type":"page","link":"https:\/\/www.klzstudio.com\/en\/realisations\/imperial\/","title":{"rendered":"Imperial"},"content":{"rendered":"<div class=\"gb-container gb-container-ca99b01d alignfull\">\n<div class=\"gb-container gb-container-9663aa82\" id=\"realisations-menu\">\n<div class=\"gb-container gb-container-fa5c3c3b\" id=\"previous-button\">\n\n<figure class=\"wp-block-image size-full\"><a href=\"https:\/\/www.klzstudio.com\/en\/realisations\/peniche2\/\"><img decoding=\"async\" width=\"22\" height=\"34\" data-src=\"https:\/\/www.klzstudio.com\/wp-content\/uploads\/2024\/04\/left-arrow-color2.png\" alt=\"\" class=\"wp-image-8054 lazyload\" data-srcset=\"https:\/\/www.klzstudio.com\/wp-content\/uploads\/2024\/04\/left-arrow-color2.png 22w, https:\/\/www.klzstudio.com\/wp-content\/uploads\/2024\/04\/left-arrow-color2-8x12.png 8w\" data-sizes=\"(max-width: 22px) 100vw, 22px\" src=\"data:image\/svg+xml;base64,PHN2ZyB3aWR0aD0iMSIgaGVpZ2h0PSIxIiB4bWxucz0iaHR0cDovL3d3dy53My5vcmcvMjAwMC9zdmciPjwvc3ZnPg==\" style=\"--smush-placeholder-width: 22px; --smush-placeholder-aspect-ratio: 22\/34;\" \/><\/a><\/figure>\n\n\n\n<h4 class=\"gb-headline gb-headline-49a8c995 gb-headline-text\" id=\"previous-project\"><a href=\"https:\/\/www.klzstudio.com\/en\/realisations\/neo-retro-appartement\/\">PREVIOUS PROJECT<\/a><\/h4>\n\n<\/div>\n\n<div class=\"gb-container gb-container-9969c410\">\n\n<h2 class=\"gb-headline gb-headline-9fc19c13 gb-headline-text\">Parc Imp\u00e9rial<\/h2>\n\n\n\n<h2 class=\"gb-headline gb-headline-bf2adc85 gb-headline-text\">Studio<\/h2>\n\n<\/div>\n\n<div class=\"gb-container gb-container-f2f63728\" id=\"next-button\">\n\n<h4 class=\"gb-headline gb-headline-ca4174c3 gb-headline-text\" id=\"next-project\"><a href=\"https:\/\/www.klzstudio.com\/en\/realisations\/palais-farnese\/\" data-type=\"page\" data-id=\"9388\">NEXT PROJECT<\/a><\/h4>\n\n\n\n<figure class=\"wp-block-image size-full\"><a href=\"https:\/\/www.klzstudio.com\/en\/realisations\/mamie-colette\/\"><img decoding=\"async\" width=\"22\" height=\"34\" data-src=\"https:\/\/www.klzstudio.com\/wp-content\/uploads\/2024\/04\/right-arrow-color2.png\" alt=\"\" class=\"wp-image-8055 lazyload\" data-srcset=\"https:\/\/www.klzstudio.com\/wp-content\/uploads\/2024\/04\/right-arrow-color2.png 22w, https:\/\/www.klzstudio.com\/wp-content\/uploads\/2024\/04\/right-arrow-color2-8x12.png 8w\" data-sizes=\"(max-width: 22px) 100vw, 22px\" src=\"data:image\/svg+xml;base64,PHN2ZyB3aWR0aD0iMSIgaGVpZ2h0PSIxIiB4bWxucz0iaHR0cDovL3d3dy53My5vcmcvMjAwMC9zdmciPjwvc3ZnPg==\" style=\"--smush-placeholder-width: 22px; --smush-placeholder-aspect-ratio: 22\/34;\" \/><\/a><\/figure>\n\n<\/div>\n<\/div>\n\n<div class=\"gb-container gb-container-bb29854f\">\n\n<style>\n\n#previous-project, #next-project {\ndisplay : none;\n}\n\n\n\n  @media only screen and (min-width: 48em) {\n   \n#previous-project, #next-project {\ndisplay : block;\n}\n\n  }\n<\/style>\n\n<\/div>\n\n<div class=\"gb-container gb-container-48901c06\" id=\"neo-retro-appartement\">\n<div class=\"gb-container gb-container-d0ebc552\">\n\n<p class=\"gb-headline gb-headline-66fde696 gb-headline-text\">PROGRAM :<\/p>\n\n\n\n<p class=\"gb-headline gb-headline-716d99c4 gb-headline-text\">R\u00e9novation compl\u00e8te d&rsquo;un appartement de 25m\u00b2  \u00e0 Nice <\/p>\n\n<\/div>\n\n<div class=\"gb-container gb-container-581514ca\">\n<div class=\"gb-container gb-container-a8d48a65\">\n\n<p class=\"gb-headline gb-headline-c014298b gb-headline-text\">LOCATION :<\/p>\n\n\n\n<p class=\"gb-headline gb-headline-3c37c10b gb-headline-text\">Nice<\/p>\n\n<\/div>\n\n<div class=\"gb-container gb-container-18c559bc\">\n\n<p class=\"gb-headline gb-headline-7c4665bc gb-headline-text\"><\/p>\n\n<\/div>\n\n<div class=\"gb-container gb-container-6d548ebf\">\n\n<p class=\"gb-headline gb-headline-aff46b86 gb-headline-text\">PROJECT TYPE :<\/p>\n\n\n\n<p class=\"gb-headline gb-headline-e9d1e88d gb-headline-text\">Residential<\/p>\n\n<\/div>\n\n<div class=\"gb-container gb-container-5dbfb05a\">\n\n<p class=\"gb-headline gb-headline-0c22f4dd gb-headline-text\"><\/p>\n\n<\/div>\n\n<div class=\"gb-container gb-container-cf4d10ce\">\n\n<p class=\"gb-headline gb-headline-6d6e3451 gb-headline-text\">AREA :<\/p>\n\n\n\n<p class=\"gb-headline gb-headline-dc5b2ae6 gb-headline-text\">25 M2<\/p>\n\n<\/div>\n\n<div class=\"gb-container gb-container-16a8bc62\"><\/div>\n<\/div>\n\n<div class=\"gb-container gb-container-4c6a8224\">\n\n<p class=\"gb-headline gb-headline-b00f6054 gb-headline-text\">Victor a imm\u00e9diatement per\u00e7u le potentiel de ce 25 m\u00e8tres carr\u00e9s situ\u00e9 dans l&rsquo;un des plus beaux quartiers historiques de Nice. Il a d\u00e9cid\u00e9 de r\u00e9nover enti\u00e8rement ce petit espace pour en faire son pied-\u00e0-terre ni\u00e7ois, loin de la grisaille parisienne o\u00f9 il travaille.<br>Notre d\u00e9fi a \u00e9t\u00e9 de transformer cet espace restreint en un lieu confortable et fonctionnel. Nous avons con\u00e7u une cuisine \u00e9quip\u00e9e, un espace bureau polyvalent pouvant servir de bar, un coin nuit, et une salle d&rsquo;eau enti\u00e8rement repens\u00e9e.<br>Conscients de l&rsquo;importance des finitions et des \u00e9quipements, nous avons choisi des mat\u00e9riaux \u00e0 la fois robustes et esth\u00e9tiques. <br>Un soin particulier a \u00e9t\u00e9 apport\u00e9 \u00e0 l&rsquo;atmosph\u00e8re avec un rev\u00eatement mural unique, ajoutant du caract\u00e8re \u00e0 l&rsquo;espace. Pour d\u00e9limiter les diff\u00e9rentes zones, nous avons utilis\u00e9 la couleur de mani\u00e8re strat\u00e9gique, cr\u00e9ant des espaces distincts et harmonieux.En r\u00e9sum\u00e9, notre objectif \u00e9tait de cr\u00e9er pour Victor un lieu de vill\u00e9giature paisible, chaleureux et confortable, r\u00e9pondant \u00e0 des normes \u00e9lev\u00e9es de qualit\u00e9 et d&rsquo;esth\u00e9tique, pour ses nombreux s\u00e9jours sur la French Riviera. <\/p>\n\n<\/div>\n<\/div>\n\n<div class=\"gb-container gb-container-2fea11ce\">\n<div class=\"gb-container gb-container-cdfe981a\">\n<div class=\"gb-container gb-container-daf3412a\"><\/div>\n\n<div class=\"gb-container gb-container-2e85176d\"><\/div>\n<\/div>\n\n<div class=\"gb-container gb-container-596c2c4d\">\n<div class=\"gb-container gb-container-be8ca61f\"><\/div>\n\n<div class=\"gb-container gb-container-6319d123\"><\/div>\n<\/div>\n<\/div>\n\n<div class=\"gb-container gb-container-bd39d7ea\">\n<div class=\"gb-container gb-container-7475f131\">\n<div class=\"gb-container gb-container-85c2ecaa\"><\/div>\n\n<div class=\"gb-container gb-container-65ced64a\"><\/div>\n<\/div>\n\n<div class=\"gb-container gb-container-33ea3bb2\">\n<div class=\"gb-container gb-container-eb947348\"><\/div>\n\n<div class=\"gb-container gb-container-754d1f54\"><\/div>\n<\/div>\n<\/div>\n<\/div>","protected":false},"excerpt":{"rendered":"<p>PROJET PR\u00c9C\u00c9DENT Parc Imp\u00e9rial Studio PROJET SUIVANT PROGRAMME : R\u00e9novation compl\u00e8te d&rsquo;un appartement de 25m\u00b2 \u00e0 Nice LIEU : Nice TYPE DE PROJET : R\u00e9sidentiel SURFACE : 25 M2 Victor a imm\u00e9diatement per\u00e7u le potentiel de ce 25 m\u00e8tres carr\u00e9s situ\u00e9 dans l&rsquo;un des plus beaux quartiers historiques de Nice. Il a d\u00e9cid\u00e9 de r\u00e9nover &#8230; <a title=\"Imperial\" class=\"read-more\" href=\"https:\/\/www.klzstudio.com\/en\/realisations\/imperial\/\" aria-label=\"More on Imperial\">Read more<\/a><\/p>","protected":false},"author":149,"featured_media":0,"parent":7873,"menu_order":0,"comment_status":"closed","ping_status":"closed","template":"","meta":{"_monsterinsights_skip_tracking":false,"_monsterinsights_sitenote_active":false,"_monsterinsights_sitenote_note":"","_monsterinsights_sitenote_category":0,"footnotes":""},"class_list":["post-9309","page","type-page","status-publish"],"_links":{"self":[{"href":"https:\/\/www.klzstudio.com\/en\/wp-json\/wp\/v2\/pages\/9309","targetHints":{"allow":["GET"]}}],"collection":[{"href":"https:\/\/www.klzstudio.com\/en\/wp-json\/wp\/v2\/pages"}],"about":[{"href":"https:\/\/www.klzstudio.com\/en\/wp-json\/wp\/v2\/types\/page"}],"author":[{"embeddable":true,"href":"https:\/\/www.klzstudio.com\/en\/wp-json\/wp\/v2\/users\/149"}],"replies":[{"embeddable":true,"href":"https:\/\/www.klzstudio.com\/en\/wp-json\/wp\/v2\/comments?post=9309"}],"version-history":[{"count":18,"href":"https:\/\/www.klzstudio.com\/en\/wp-json\/wp\/v2\/pages\/9309\/revisions"}],"predecessor-version":[{"id":10078,"href":"https:\/\/www.klzstudio.com\/en\/wp-json\/wp\/v2\/pages\/9309\/revisions\/10078"}],"up":[{"embeddable":true,"href":"https:\/\/www.klzstudio.com\/en\/wp-json\/wp\/v2\/pages\/7873"}],"wp:attachment":[{"href":"https:\/\/www.klzstudio.com\/en\/wp-json\/wp\/v2\/media?parent=9309"}],"curies":[{"name":"wp","href":"https:\/\/api.w.org\/{rel}","templated":true}]}}