{"id":9318,"date":"2024-05-13T21:37:20","date_gmt":"2024-05-13T20:37:20","guid":{"rendered":"https:\/\/www.klzstudio.com\/?page_id=9318"},"modified":"2026-04-23T16:28:17","modified_gmt":"2026-04-23T15:28:17","slug":"le_louvia_hotel","status":"publish","type":"page","link":"https:\/\/www.klzstudio.com\/en\/realisations\/le_louvia_hotel\/","title":{"rendered":""},"content":{"rendered":"<div class=\"gb-container gb-container-ca99b01d alignfull\">\n<div class=\"gb-container gb-container-9663aa82\" id=\"realisations-menu\">\n<div class=\"gb-container gb-container-fa5c3c3b\" id=\"previous-button\">\n\n<figure class=\"wp-block-image size-full is-resized\"><a href=\"https:\/\/www.klzstudio.com\/en\/realisations\/neo-retro-appartement\/\"><img decoding=\"async\" width=\"22\" height=\"34\" data-src=\"https:\/\/www.klzstudio.com\/wp-content\/uploads\/2024\/04\/left-arrow-color2.png\" alt=\"\" class=\"wp-image-8054 lazyload\" style=\"--smush-placeholder-width: 22px; --smush-placeholder-aspect-ratio: 22\/34;width:21px;height:auto\" data-srcset=\"https:\/\/www.klzstudio.com\/wp-content\/uploads\/2024\/04\/left-arrow-color2.png 22w, https:\/\/www.klzstudio.com\/wp-content\/uploads\/2024\/04\/left-arrow-color2-8x12.png 8w\" data-sizes=\"(max-width: 22px) 100vw, 22px\" src=\"data:image\/svg+xml;base64,PHN2ZyB3aWR0aD0iMSIgaGVpZ2h0PSIxIiB4bWxucz0iaHR0cDovL3d3dy53My5vcmcvMjAwMC9zdmciPjwvc3ZnPg==\" \/><\/a><\/figure>\n\n\n\n<h4 class=\"gb-headline gb-headline-49a8c995 gb-headline-text\" id=\"previous-project\"><a href=\"https:\/\/www.klzstudio.com\/en\/realisations\/renovation-appartement-haut-de-gamme-beaulieu\/\" data-type=\"page\" data-id=\"10045\">PREVIOUS PROJECT<\/a><\/h4>\n\n<\/div>\n\n<div class=\"gb-container gb-container-9969c410\">\n\n<h2 class=\"gb-headline gb-headline-9fc19c13 gb-headline-text\">H\u00f4tel Le Louvia<\/h2>\n\n\n\n<h2 class=\"gb-headline gb-headline-bf2adc85 gb-headline-text\">R\u00e9novation compl\u00e8te <\/h2>\n\n<\/div>\n\n<div class=\"gb-container gb-container-f2f63728\" id=\"next-button\">\n\n<h4 class=\"gb-headline gb-headline-ca4174c3 gb-headline-text\" id=\"next-project\"><a href=\"https:\/\/www.klzstudio.com\/en\/realisations\/comptoir-ceramica\/\">NEXT PROJECT<\/a><\/h4>\n\n\n\n<figure class=\"wp-block-image size-full\"><a href=\"https:\/\/www.klzstudio.com\/en\/realisations\/palais-farnese\/\"><img decoding=\"async\" width=\"22\" height=\"34\" data-src=\"https:\/\/www.klzstudio.com\/wp-content\/uploads\/2024\/04\/right-arrow-color2.png\" alt=\"\" class=\"wp-image-8055 lazyload\" data-srcset=\"https:\/\/www.klzstudio.com\/wp-content\/uploads\/2024\/04\/right-arrow-color2.png 22w, https:\/\/www.klzstudio.com\/wp-content\/uploads\/2024\/04\/right-arrow-color2-8x12.png 8w\" data-sizes=\"(max-width: 22px) 100vw, 22px\" src=\"data:image\/svg+xml;base64,PHN2ZyB3aWR0aD0iMSIgaGVpZ2h0PSIxIiB4bWxucz0iaHR0cDovL3d3dy53My5vcmcvMjAwMC9zdmciPjwvc3ZnPg==\" style=\"--smush-placeholder-width: 22px; --smush-placeholder-aspect-ratio: 22\/34;\" \/><\/a><\/figure>\n\n<\/div>\n<\/div>\n\n<div class=\"gb-container gb-container-bb29854f\">\n\n<style>\n\n#previous-project, #next-project {\ndisplay : none;\n}\n\n\n\n  @media only screen and (min-width: 48em) {\n   \n#previous-project, #next-project {\ndisplay : block;\n}\n\n  }\n<\/style>\n\n<\/div>\n\n<div class=\"gb-container gb-container-48901c06\" id=\"neo-retro-appartement\">\n<div class=\"gb-container gb-container-d0ebc552\">\n\n<p class=\"gb-headline gb-headline-66fde696 gb-headline-text\">PROGRAM :<\/p>\n\n\n\n<p class=\"gb-headline gb-headline-716d99c4 gb-headline-text\"> Direction artistique &#8211; Agencement &#8211; Am\u00e9nagement &#8211; D\u00e9coration<\/p>\n\n<\/div>\n\n<div class=\"gb-container gb-container-581514ca\">\n<div class=\"gb-container gb-container-a8d48a65\">\n\n<p class=\"gb-headline gb-headline-c014298b gb-headline-text\">LOCATION :<\/p>\n\n\n\n<p class=\"gb-headline gb-headline-3c37c10b gb-headline-text\">Menton<\/p>\n\n<\/div>\n\n<div class=\"gb-container gb-container-18c559bc\">\n\n<p class=\"gb-headline gb-headline-7c4665bc gb-headline-text\"><\/p>\n\n<\/div>\n\n<div class=\"gb-container gb-container-6d548ebf\">\n\n<p class=\"gb-headline gb-headline-aff46b86 gb-headline-text\">PROJECT TYPE :<\/p>\n\n\n\n<p class=\"gb-headline gb-headline-e9d1e88d gb-headline-text\">Hospitality<\/p>\n\n<\/div>\n\n<div class=\"gb-container gb-container-5dbfb05a\">\n\n<p class=\"gb-headline gb-headline-0c22f4dd gb-headline-text\"><\/p>\n\n<\/div>\n\n<div class=\"gb-container gb-container-cf4d10ce\">\n\n<p class=\"gb-headline gb-headline-6d6e3451 gb-headline-text\">AREA :<\/p>\n\n\n\n<p class=\"gb-headline gb-headline-dc5b2ae6 gb-headline-text\">700 M2<\/p>\n\n<\/div>\n\n<div class=\"gb-container gb-container-16a8bc62\"><\/div>\n<\/div>\n\n<div class=\"gb-container gb-container-4c6a8224\">\n\n<p class=\"gb-headline gb-headline-b00f6054 gb-headline-text\">\u2728&nbsp;<strong>Prochainement \u00e0 Menton\u2026<\/strong><br>L\u2019ancien H\u00f4tel Le Richelieu s\u2019appr\u00eate \u00e0 \u00e9crire un nouveau chapitre sous le nom&nbsp;<strong>Le Louvia<\/strong>.<br>Actuellement en transformation, ce lieu embl\u00e9matique rena\u00eet avec une identit\u00e9 renouvel\u00e9e.Les images pr\u00e9sent\u00e9es ici sont provisoires et donnent un premier aper\u00e7u de l\u2019atmosph\u00e8re \u00e0 venir. Le projet se d\u00e9voilera bient\u00f4t dans son int\u00e9gralit\u00e9.<br>Ouverture prochaine &#8211; F\u00e9vrier 2026 <\/p>\n\n\n\n<p class=\"gb-headline gb-headline-77856044 gb-headline-text\"><br>Suivez nos r\u00e9alisations&nbsp;sur Instagram :&nbsp;<a href=\"#\">@klz_studio<\/a><br><\/p>\n\n\n\n<p><br><\/p>\n\n<\/div>\n<\/div>\n\n<div class=\"gb-container gb-container-a960af60\">\n<div class=\"gb-container gb-container-1caef99c\">\n\n<figure class=\"wp-block-image size-full is-resized\"><img decoding=\"async\" width=\"1536\" height=\"1024\" data-src=\"https:\/\/www.klzstudio.com\/wp-content\/uploads\/2026\/02\/Chambre-dhotel-mediterraneenne-elegante-et-lumineuse-.png\" alt=\"\" class=\"wp-image-10024 lazyload\" style=\"--smush-placeholder-width: 1536px; --smush-placeholder-aspect-ratio: 1536\/1024;width:auto;height:465px\" data-srcset=\"https:\/\/www.klzstudio.com\/wp-content\/uploads\/2026\/02\/Chambre-dhotel-mediterraneenne-elegante-et-lumineuse-.png 1536w, https:\/\/www.klzstudio.com\/wp-content\/uploads\/2026\/02\/Chambre-dhotel-mediterraneenne-elegante-et-lumineuse--300x200.png 300w, https:\/\/www.klzstudio.com\/wp-content\/uploads\/2026\/02\/Chambre-dhotel-mediterraneenne-elegante-et-lumineuse--1024x683.png 1024w, https:\/\/www.klzstudio.com\/wp-content\/uploads\/2026\/02\/Chambre-dhotel-mediterraneenne-elegante-et-lumineuse--768x512.png 768w, https:\/\/www.klzstudio.com\/wp-content\/uploads\/2026\/02\/Chambre-dhotel-mediterraneenne-elegante-et-lumineuse--18x12.png 18w\" data-sizes=\"(max-width: 1536px) 100vw, 1536px\" src=\"data:image\/svg+xml;base64,PHN2ZyB3aWR0aD0iMSIgaGVpZ2h0PSIxIiB4bWxucz0iaHR0cDovL3d3dy53My5vcmcvMjAwMC9zdmciPjwvc3ZnPg==\" \/><\/figure>\n\n\n<div class=\"gb-container gb-container-f3a9ffdb\">\n\n<figure class=\"wp-block-image size-full is-resized\"><img decoding=\"async\" width=\"1024\" height=\"1536\" data-src=\"https:\/\/www.klzstudio.com\/wp-content\/uploads\/2026\/02\/tete-de-lit-chambre-hotel-textile-terracotta-applique-laiton-KLZstudio.png\" alt=\"\" class=\"wp-image-10105 lazyload\" style=\"--smush-placeholder-width: 1024px; --smush-placeholder-aspect-ratio: 1024\/1536;object-fit:cover;width:595px;height:835px\" data-srcset=\"https:\/\/www.klzstudio.com\/wp-content\/uploads\/2026\/02\/tete-de-lit-chambre-hotel-textile-terracotta-applique-laiton-KLZstudio.png 1024w, https:\/\/www.klzstudio.com\/wp-content\/uploads\/2026\/02\/tete-de-lit-chambre-hotel-textile-terracotta-applique-laiton-KLZstudio-200x300.png 200w, https:\/\/www.klzstudio.com\/wp-content\/uploads\/2026\/02\/tete-de-lit-chambre-hotel-textile-terracotta-applique-laiton-KLZstudio-683x1024.png 683w, https:\/\/www.klzstudio.com\/wp-content\/uploads\/2026\/02\/tete-de-lit-chambre-hotel-textile-terracotta-applique-laiton-KLZstudio-768x1152.png 768w, https:\/\/www.klzstudio.com\/wp-content\/uploads\/2026\/02\/tete-de-lit-chambre-hotel-textile-terracotta-applique-laiton-KLZstudio-8x12.png 8w\" data-sizes=\"(max-width: 1024px) 100vw, 1024px\" src=\"data:image\/svg+xml;base64,PHN2ZyB3aWR0aD0iMSIgaGVpZ2h0PSIxIiB4bWxucz0iaHR0cDovL3d3dy53My5vcmcvMjAwMC9zdmciPjwvc3ZnPg==\" \/><\/figure>\n\n<\/div>\n<\/div>\n\n<div class=\"gb-container gb-container-c62fe8ed\">\n\n<figure class=\"wp-block-image size-large is-resized\"><img decoding=\"async\" width=\"683\" height=\"1024\" data-src=\"https:\/\/www.klzstudio.com\/wp-content\/uploads\/2026\/02\/Louvia_Menton_KLZStudio_Chambre_Detail-Tete-de-Lit-683x1024.png\" alt=\"\" class=\"wp-image-10032 lazyload\" style=\"--smush-placeholder-width: 683px; --smush-placeholder-aspect-ratio: 683\/1024;object-fit:cover;width:595px;height:835px\" data-srcset=\"https:\/\/www.klzstudio.com\/wp-content\/uploads\/2026\/02\/Louvia_Menton_KLZStudio_Chambre_Detail-Tete-de-Lit-683x1024.png 683w, https:\/\/www.klzstudio.com\/wp-content\/uploads\/2026\/02\/Louvia_Menton_KLZStudio_Chambre_Detail-Tete-de-Lit-200x300.png 200w, https:\/\/www.klzstudio.com\/wp-content\/uploads\/2026\/02\/Louvia_Menton_KLZStudio_Chambre_Detail-Tete-de-Lit-768x1152.png 768w, https:\/\/www.klzstudio.com\/wp-content\/uploads\/2026\/02\/Louvia_Menton_KLZStudio_Chambre_Detail-Tete-de-Lit-8x12.png 8w, https:\/\/www.klzstudio.com\/wp-content\/uploads\/2026\/02\/Louvia_Menton_KLZStudio_Chambre_Detail-Tete-de-Lit.png 1024w\" data-sizes=\"(max-width: 683px) 100vw, 683px\" src=\"data:image\/svg+xml;base64,PHN2ZyB3aWR0aD0iMSIgaGVpZ2h0PSIxIiB4bWxucz0iaHR0cDovL3d3dy53My5vcmcvMjAwMC9zdmciPjwvc3ZnPg==\" \/><\/figure>\n\n\n<div class=\"gb-container gb-container-68f97563\">\n\n<figure class=\"gb-block-image gb-block-image-b68c4717\"><img decoding=\"async\" width=\"1536\" height=\"1024\" class=\"gb-image gb-image-b68c4717 lazyload\" data-src=\"https:\/\/www.klzstudio.com\/wp-content\/uploads\/2026\/02\/Hotel_Louvia_Menton_KLZStudio_Editorial_Suite_Detail.png\" alt=\"\" title=\"Hotel_Louvia_Menton_KLZStudio_Editorial_Suite_Detail\" data-srcset=\"https:\/\/www.klzstudio.com\/wp-content\/uploads\/2026\/02\/Hotel_Louvia_Menton_KLZStudio_Editorial_Suite_Detail.png 1536w, https:\/\/www.klzstudio.com\/wp-content\/uploads\/2026\/02\/Hotel_Louvia_Menton_KLZStudio_Editorial_Suite_Detail-300x200.png 300w, https:\/\/www.klzstudio.com\/wp-content\/uploads\/2026\/02\/Hotel_Louvia_Menton_KLZStudio_Editorial_Suite_Detail-1024x683.png 1024w, https:\/\/www.klzstudio.com\/wp-content\/uploads\/2026\/02\/Hotel_Louvia_Menton_KLZStudio_Editorial_Suite_Detail-768x512.png 768w, https:\/\/www.klzstudio.com\/wp-content\/uploads\/2026\/02\/Hotel_Louvia_Menton_KLZStudio_Editorial_Suite_Detail-18x12.png 18w\" data-sizes=\"(max-width: 1536px) 100vw, 1536px\" src=\"data:image\/svg+xml;base64,PHN2ZyB3aWR0aD0iMSIgaGVpZ2h0PSIxIiB4bWxucz0iaHR0cDovL3d3dy53My5vcmcvMjAwMC9zdmciPjwvc3ZnPg==\" style=\"--smush-placeholder-width: 1536px; --smush-placeholder-aspect-ratio: 1536\/1024;\" \/><\/figure>\n\n<\/div>\n<\/div>\n<\/div>\n\n<div class=\"gb-container gb-container-f863ba9c\">\n<div class=\"gb-container gb-container-af158128\">\n\n<figure class=\"wp-block-image size-full is-resized\"><img decoding=\"async\" width=\"753\" height=\"565\" data-src=\"https:\/\/www.klzstudio.com\/wp-content\/uploads\/2026\/02\/0D128C91-88A1-4071-A349-58E856B0032F.jpg\" alt=\"Suspension en textile terracotta aux formes organiques, projet d\u2019architecture int\u00e9rieure avec \u00e9clairage d\u00e9coratif contemporain.\" class=\"wp-image-10094 lazyload\" style=\"--smush-placeholder-width: 753px; --smush-placeholder-aspect-ratio: 753\/565;aspect-ratio:16\/9;object-fit:cover;width:auto;height:600px\" data-srcset=\"https:\/\/www.klzstudio.com\/wp-content\/uploads\/2026\/02\/0D128C91-88A1-4071-A349-58E856B0032F.jpg 753w, https:\/\/www.klzstudio.com\/wp-content\/uploads\/2026\/02\/0D128C91-88A1-4071-A349-58E856B0032F-300x225.jpg 300w, https:\/\/www.klzstudio.com\/wp-content\/uploads\/2026\/02\/0D128C91-88A1-4071-A349-58E856B0032F-16x12.jpg 16w\" data-sizes=\"(max-width: 753px) 100vw, 753px\" src=\"data:image\/svg+xml;base64,PHN2ZyB3aWR0aD0iMSIgaGVpZ2h0PSIxIiB4bWxucz0iaHR0cDovL3d3dy53My5vcmcvMjAwMC9zdmciPjwvc3ZnPg==\" \/><\/figure>\n\n\n<div class=\"gb-container gb-container-3dc38cc4\">\n\n<figure class=\"wp-block-image size-full is-resized\"><img decoding=\"async\" width=\"1024\" height=\"1536\" data-src=\"https:\/\/www.klzstudio.com\/wp-content\/uploads\/2026\/02\/SalleDeBain_minimal_premium-1.png\" alt=\"\" class=\"wp-image-10110 lazyload\" style=\"--smush-placeholder-width: 1024px; --smush-placeholder-aspect-ratio: 1024\/1536;object-fit:cover;width:595px;height:600px\" data-srcset=\"https:\/\/www.klzstudio.com\/wp-content\/uploads\/2026\/02\/SalleDeBain_minimal_premium-1.png 1024w, https:\/\/www.klzstudio.com\/wp-content\/uploads\/2026\/02\/SalleDeBain_minimal_premium-1-200x300.png 200w, https:\/\/www.klzstudio.com\/wp-content\/uploads\/2026\/02\/SalleDeBain_minimal_premium-1-683x1024.png 683w, https:\/\/www.klzstudio.com\/wp-content\/uploads\/2026\/02\/SalleDeBain_minimal_premium-1-768x1152.png 768w, https:\/\/www.klzstudio.com\/wp-content\/uploads\/2026\/02\/SalleDeBain_minimal_premium-1-8x12.png 8w\" data-sizes=\"(max-width: 1024px) 100vw, 1024px\" src=\"data:image\/svg+xml;base64,PHN2ZyB3aWR0aD0iMSIgaGVpZ2h0PSIxIiB4bWxucz0iaHR0cDovL3d3dy53My5vcmcvMjAwMC9zdmciPjwvc3ZnPg==\" \/><\/figure>\n\n<\/div>\n<\/div>\n\n<div class=\"gb-container gb-container-3f18a084\">\n\n<figure class=\"wp-block-image size-large is-resized\"><img decoding=\"async\" width=\"1024\" height=\"684\" data-src=\"https:\/\/www.klzstudio.com\/wp-content\/uploads\/2026\/04\/cocteau-1024x684.jpg\" alt=\"\" class=\"wp-image-10243 lazyload\" style=\"--smush-placeholder-width: 1024px; --smush-placeholder-aspect-ratio: 1024\/684;width:595px\" data-srcset=\"https:\/\/www.klzstudio.com\/wp-content\/uploads\/2026\/04\/cocteau-1024x684.jpg 1024w, https:\/\/www.klzstudio.com\/wp-content\/uploads\/2026\/04\/cocteau-300x200.jpg 300w, https:\/\/www.klzstudio.com\/wp-content\/uploads\/2026\/04\/cocteau-768x513.jpg 768w, https:\/\/www.klzstudio.com\/wp-content\/uploads\/2026\/04\/cocteau-1536x1025.jpg 1536w, https:\/\/www.klzstudio.com\/wp-content\/uploads\/2026\/04\/cocteau-2048x1367.jpg 2048w, https:\/\/www.klzstudio.com\/wp-content\/uploads\/2026\/04\/cocteau-18x12.jpg 18w\" data-sizes=\"(max-width: 1024px) 100vw, 1024px\" src=\"data:image\/svg+xml;base64,PHN2ZyB3aWR0aD0iMSIgaGVpZ2h0PSIxIiB4bWxucz0iaHR0cDovL3d3dy53My5vcmcvMjAwMC9zdmciPjwvc3ZnPg==\" \/><\/figure>\n\n\n<div class=\"gb-container gb-container-682319da\">\n\n<figure class=\"gb-block-image gb-block-image-8ea78628\"><img decoding=\"async\" width=\"1024\" height=\"1536\" class=\"gb-image gb-image-8ea78628 lazyload\" data-src=\"https:\/\/www.klzstudio.com\/wp-content\/uploads\/2026\/02\/hotel-louvia-detail-suspension-art-deco-laiton-opaline-klz-studio.png\" alt=\"D\u00e9tail vertical d\u2019une suspension Art D\u00e9co en laiton bross\u00e9, montrant deux opalines en forme de fleurs, suspendus par de fins c\u00e2bles m\u00e9talliques, avec une lumi\u00e8re douce et chaleureuse et un arri\u00e8re-plan subtilement flout\u00e9.\" title=\"hotel-louvia-detail-suspension-art-deco-laiton-opaline-klz-studio\" data-srcset=\"https:\/\/www.klzstudio.com\/wp-content\/uploads\/2026\/02\/hotel-louvia-detail-suspension-art-deco-laiton-opaline-klz-studio.png 1024w, https:\/\/www.klzstudio.com\/wp-content\/uploads\/2026\/02\/hotel-louvia-detail-suspension-art-deco-laiton-opaline-klz-studio-200x300.png 200w, https:\/\/www.klzstudio.com\/wp-content\/uploads\/2026\/02\/hotel-louvia-detail-suspension-art-deco-laiton-opaline-klz-studio-683x1024.png 683w, https:\/\/www.klzstudio.com\/wp-content\/uploads\/2026\/02\/hotel-louvia-detail-suspension-art-deco-laiton-opaline-klz-studio-768x1152.png 768w, https:\/\/www.klzstudio.com\/wp-content\/uploads\/2026\/02\/hotel-louvia-detail-suspension-art-deco-laiton-opaline-klz-studio-8x12.png 8w\" data-sizes=\"(max-width: 1024px) 100vw, 1024px\" src=\"data:image\/svg+xml;base64,PHN2ZyB3aWR0aD0iMSIgaGVpZ2h0PSIxIiB4bWxucz0iaHR0cDovL3d3dy53My5vcmcvMjAwMC9zdmciPjwvc3ZnPg==\" style=\"--smush-placeholder-width: 1024px; --smush-placeholder-aspect-ratio: 1024\/1536;\" \/><\/figure>\n\n<\/div>\n<\/div>\n<\/div>\n<\/div>\n\n\n<p><\/p>","protected":false},"excerpt":{"rendered":"<p>PROJET PR\u00c9C\u00c9DENT H\u00f4tel Le Louvia R\u00e9novation compl\u00e8te PROJET SUIVANT PROGRAMME : Direction artistique &#8211; Agencement &#8211; Am\u00e9nagement &#8211; D\u00e9coration LIEU : Menton TYPE DE PROJET : Hospitality SURFACE : 700 M2 \u2728&nbsp;Prochainement \u00e0 Menton\u2026L\u2019ancien H\u00f4tel Le Richelieu s\u2019appr\u00eate \u00e0 \u00e9crire un nouveau chapitre sous le nom&nbsp;Le Louvia.Actuellement en transformation, ce lieu embl\u00e9matique rena\u00eet avec une &#8230; <a title=\"\" class=\"read-more\" href=\"https:\/\/www.klzstudio.com\/en\/realisations\/le_louvia_hotel\/\" aria-label=\"More on \">Read more<\/a><\/p>","protected":false},"author":149,"featured_media":0,"parent":7873,"menu_order":0,"comment_status":"closed","ping_status":"closed","template":"","meta":{"_monsterinsights_skip_tracking":false,"_monsterinsights_sitenote_active":false,"_monsterinsights_sitenote_note":"","_monsterinsights_sitenote_category":0,"footnotes":""},"class_list":["post-9318","page","type-page","status-publish"],"_links":{"self":[{"href":"https:\/\/www.klzstudio.com\/en\/wp-json\/wp\/v2\/pages\/9318","targetHints":{"allow":["GET"]}}],"collection":[{"href":"https:\/\/www.klzstudio.com\/en\/wp-json\/wp\/v2\/pages"}],"about":[{"href":"https:\/\/www.klzstudio.com\/en\/wp-json\/wp\/v2\/types\/page"}],"author":[{"embeddable":true,"href":"https:\/\/www.klzstudio.com\/en\/wp-json\/wp\/v2\/users\/149"}],"replies":[{"embeddable":true,"href":"https:\/\/www.klzstudio.com\/en\/wp-json\/wp\/v2\/comments?post=9318"}],"version-history":[{"count":58,"href":"https:\/\/www.klzstudio.com\/en\/wp-json\/wp\/v2\/pages\/9318\/revisions"}],"predecessor-version":[{"id":10245,"href":"https:\/\/www.klzstudio.com\/en\/wp-json\/wp\/v2\/pages\/9318\/revisions\/10245"}],"up":[{"embeddable":true,"href":"https:\/\/www.klzstudio.com\/en\/wp-json\/wp\/v2\/pages\/7873"}],"wp:attachment":[{"href":"https:\/\/www.klzstudio.com\/en\/wp-json\/wp\/v2\/media?parent=9318"}],"curies":[{"name":"wp","href":"https:\/\/api.w.org\/{rel}","templated":true}]}}