{"id":9388,"date":"2024-05-14T13:46:20","date_gmt":"2024-05-14T12:46:20","guid":{"rendered":"https:\/\/www.klzstudio.com\/?page_id=9388"},"modified":"2026-02-25T15:35:19","modified_gmt":"2026-02-25T14:35:19","slug":"palais-farnese","status":"publish","type":"page","link":"https:\/\/www.klzstudio.com\/en\/realisations\/palais-farnese\/","title":{"rendered":"R\u00e9novation totale appartement Palais Farn\u00e8se"},"content":{"rendered":"<div class=\"gb-container gb-container-ca99b01d alignfull\">\n<div class=\"gb-container gb-container-9663aa82\" id=\"realisations-menu\">\n<div class=\"gb-container gb-container-fa5c3c3b\" id=\"previous-button\">\n\n<figure class=\"wp-block-image size-full\"><a href=\"https:\/\/www.klzstudio.com\/en\/realisations\/les-adrets\/\"><img decoding=\"async\" width=\"22\" height=\"34\" data-src=\"https:\/\/www.klzstudio.com\/wp-content\/uploads\/2024\/04\/left-arrow-color2.png\" alt=\"\" class=\"wp-image-8054 lazyload\" data-srcset=\"https:\/\/www.klzstudio.com\/wp-content\/uploads\/2024\/04\/left-arrow-color2.png 22w, https:\/\/www.klzstudio.com\/wp-content\/uploads\/2024\/04\/left-arrow-color2-8x12.png 8w\" data-sizes=\"(max-width: 22px) 100vw, 22px\" src=\"data:image\/svg+xml;base64,PHN2ZyB3aWR0aD0iMSIgaGVpZ2h0PSIxIiB4bWxucz0iaHR0cDovL3d3dy53My5vcmcvMjAwMC9zdmciPjwvc3ZnPg==\" style=\"--smush-placeholder-width: 22px; --smush-placeholder-aspect-ratio: 22\/34;\" \/><\/a><\/figure>\n\n\n\n<h4 class=\"gb-headline gb-headline-49a8c995 gb-headline-text\" id=\"previous-project\"><a href=\"https:\/\/www.klzstudio.com\/en\/realisations\/imperial\/\" data-type=\"page\" data-id=\"9309\">PREVIOUS PROJECT<\/a><\/h4>\n\n<\/div>\n\n<div class=\"gb-container gb-container-9969c410\">\n\n<h2 class=\"gb-headline gb-headline-9fc19c13 gb-headline-text\">Palais Farn\u00e8se<\/h2>\n\n\n\n<h2 class=\"gb-headline gb-headline-bf2adc85 gb-headline-text\">Appartement<\/h2>\n\n<\/div>\n\n<div class=\"gb-container gb-container-f2f63728\" id=\"next-button\">\n\n<h4 class=\"gb-headline gb-headline-ca4174c3 gb-headline-text\" id=\"next-project\"><a href=\"https:\/\/www.klzstudio.com\/en\/realisations\/renovation-appartement-haut-de-gamme-beaulieu\/\" data-type=\"page\" data-id=\"10045\">NEXT PROJECT<\/a><\/h4>\n\n\n\n<figure class=\"wp-block-image size-full is-resized\"><a href=\"https:\/\/www.klzstudio.com\/en\/realisations\/peniche2\/\"><img decoding=\"async\" width=\"22\" height=\"34\" data-src=\"https:\/\/www.klzstudio.com\/wp-content\/uploads\/2024\/04\/right-arrow-color2.png\" alt=\"\" class=\"wp-image-8055 lazyload\" style=\"--smush-placeholder-width: 22px; --smush-placeholder-aspect-ratio: 22\/34;width:22px;height:auto\" data-srcset=\"https:\/\/www.klzstudio.com\/wp-content\/uploads\/2024\/04\/right-arrow-color2.png 22w, https:\/\/www.klzstudio.com\/wp-content\/uploads\/2024\/04\/right-arrow-color2-8x12.png 8w\" data-sizes=\"(max-width: 22px) 100vw, 22px\" src=\"data:image\/svg+xml;base64,PHN2ZyB3aWR0aD0iMSIgaGVpZ2h0PSIxIiB4bWxucz0iaHR0cDovL3d3dy53My5vcmcvMjAwMC9zdmciPjwvc3ZnPg==\" \/><\/a><\/figure>\n\n<\/div>\n<\/div>\n\n<div class=\"gb-container gb-container-bb29854f\">\n\n<style>\n\n#previous-project, #next-project {\ndisplay : none;\n}\n\n\n\n  @media only screen and (min-width: 48em) {\n   \n#previous-project, #next-project {\ndisplay : block;\n}\n\n  }\n<\/style>\n\n<\/div>\n\n<div class=\"gb-container gb-container-48901c06\" id=\"neo-retro-appartement\">\n<div class=\"gb-container gb-container-d0ebc552\">\n\n<p class=\"gb-headline gb-headline-66fde696 gb-headline-text\">PROGRAM :<\/p>\n\n\n\n<p class=\"gb-headline gb-headline-716d99c4 gb-headline-text\"> R\u00e9novation partielle et d\u00e9coration d&rsquo;un appartement \u00e0 Cannes <\/p>\n\n<\/div>\n\n<div class=\"gb-container gb-container-581514ca\">\n<div class=\"gb-container gb-container-a8d48a65\">\n\n<p class=\"gb-headline gb-headline-c014298b gb-headline-text\">LOCATION :<\/p>\n\n\n\n<p class=\"gb-headline gb-headline-3c37c10b gb-headline-text\">Cannes<\/p>\n\n<\/div>\n\n<div class=\"gb-container gb-container-18c559bc\">\n\n<p class=\"gb-headline gb-headline-7c4665bc gb-headline-text\"><\/p>\n\n<\/div>\n\n<div class=\"gb-container gb-container-6d548ebf\">\n\n<p class=\"gb-headline gb-headline-aff46b86 gb-headline-text\">PROJECT TYPE :<\/p>\n\n\n\n<p class=\"gb-headline gb-headline-e9d1e88d gb-headline-text\">Residential<\/p>\n\n<\/div>\n\n<div class=\"gb-container gb-container-5dbfb05a\">\n\n<p class=\"gb-headline gb-headline-0c22f4dd gb-headline-text\"><\/p>\n\n<\/div>\n\n<div class=\"gb-container gb-container-cf4d10ce\">\n\n<p class=\"gb-headline gb-headline-6d6e3451 gb-headline-text\">AREA :<\/p>\n\n\n\n<p class=\"gb-headline gb-headline-dc5b2ae6 gb-headline-text\">57M2<\/p>\n\n<\/div>\n\n<div class=\"gb-container gb-container-16a8bc62\"><\/div>\n<\/div>\n\n<div class=\"gb-container gb-container-4c6a8224\">\n\n<p class=\"gb-headline gb-headline-ea137c6b gb-headline-text\">Cannes rec\u00e8le de tr\u00e9sors cach\u00e9s, et cet appartement des ann\u00e9es 70 en est un parfait exemple, nich\u00e9 dans une impasse paisible au milieu de la v\u00e9g\u00e9tation, \u00e0 seulement 500 m\u00e8tres des c\u00e9l\u00e8bres marches du festival du cin\u00e9ma. Les points forts de cet appartement ? Une disposition intelligente, ainsi que des \u00e9l\u00e9ments d&rsquo;origine en travertin et terrazzo. Cependant, des travaux \u00e9taient indispensables pour le moderniser, notamment la cr\u00e9ation d&rsquo;une cuisine fonctionnelle et lumineuse, en accord avec les tendances actuelles, ainsi que le remplacement des fen\u00eatres pour plus de clart\u00e9.&nbsp;<br>La propri\u00e9taire, passionn\u00e9e par les mat\u00e9riaux, les couleurs et le style n\u00e9o-r\u00e9tro, a souhait\u00e9 donner une identit\u00e9 unique \u00e0 son lieu de vie. Pour cela, nous avons opt\u00e9 pour un univers marqu\u00e9 par des formes g\u00e9om\u00e9triques et une palette de couleurs chaleureuses (kaki, jaune, brun), associ\u00e9e \u00e0 du mobilier aux lignes arrondies.&nbsp;<br>Pour le bureau, nous avons cr\u00e9\u00e9 un espace propice \u00e0 la cr\u00e9ativit\u00e9, tout en procurant une sensation de s\u00e9curit\u00e9. Le choix du bleu pour stimuler l&rsquo;inspiration, ainsi qu&rsquo;un rev\u00eatement mural th\u00e9\u00e2tral avec une fleur surdimensionn\u00e9e, apportent une touche artistique et accueillante. Dans la chambre, l&rsquo;ambiance est \u00e0 la d\u00e9tente, avec des motifs floraux et des oiseaux aux teintes vertes, \u00e9voquant la gaiet\u00e9 de l&rsquo;atmosph\u00e8re mexicaine. <br>L&rsquo;ensemble cr\u00e9e un cocon propice au repos et \u00e0 la relaxation, parfait pour une \u00e9vasion quotidienne.Pour plus de confort, il nous a fallu \u00e9galement r\u00e9aliser un doublage phonique avec des mat\u00e9riaux hautement techniques afin de r\u00e9duire les bruits a\u00e9riens entre les deux appartements voisins. Cette attention suppl\u00e9mentaire a permis d&rsquo;optimiser l&rsquo;exp\u00e9rience de vie dans cet appartement, en offrant \u00e0 ses occupants un environnement calme et serein.<\/p>\n\n<\/div>\n<\/div>\n\n<div class=\"gb-container gb-container-2fea11ce\">\n<div class=\"gb-container gb-container-cdfe981a\">\n<div class=\"gb-container gb-container-daf3412a\"><\/div>\n\n<div class=\"gb-container gb-container-2e85176d\"><\/div>\n<\/div>\n\n<div class=\"gb-container gb-container-596c2c4d\">\n<div class=\"gb-container gb-container-be8ca61f\"><\/div>\n\n<div class=\"gb-container gb-container-6319d123\"><\/div>\n<\/div>\n<\/div>\n<\/div>","protected":false},"excerpt":{"rendered":"<p>PROJET PR\u00c9C\u00c9DENT Palais Farn\u00e8se Appartement PROJET SUIVANT PROGRAMME : R\u00e9novation partielle et d\u00e9coration d&rsquo;un appartement \u00e0 Cannes LIEU : Cannes TYPE DE PROJET : R\u00e9sidentiel SURFACE : 57M2 Cannes rec\u00e8le de tr\u00e9sors cach\u00e9s, et cet appartement des ann\u00e9es 70 en est un parfait exemple, nich\u00e9 dans une impasse paisible au milieu de la v\u00e9g\u00e9tation, \u00e0 &#8230; <a title=\"R\u00e9novation totale appartement Palais Farn\u00e8se\" class=\"read-more\" href=\"https:\/\/www.klzstudio.com\/en\/realisations\/palais-farnese\/\" aria-label=\"More on R\u00e9novation totale appartement Palais Farn\u00e8se\">Read more<\/a><\/p>","protected":false},"author":149,"featured_media":0,"parent":7873,"menu_order":0,"comment_status":"closed","ping_status":"closed","template":"","meta":{"_monsterinsights_skip_tracking":false,"_monsterinsights_sitenote_active":false,"_monsterinsights_sitenote_note":"","_monsterinsights_sitenote_category":0,"footnotes":""},"class_list":["post-9388","page","type-page","status-publish"],"_links":{"self":[{"href":"https:\/\/www.klzstudio.com\/en\/wp-json\/wp\/v2\/pages\/9388","targetHints":{"allow":["GET"]}}],"collection":[{"href":"https:\/\/www.klzstudio.com\/en\/wp-json\/wp\/v2\/pages"}],"about":[{"href":"https:\/\/www.klzstudio.com\/en\/wp-json\/wp\/v2\/types\/page"}],"author":[{"embeddable":true,"href":"https:\/\/www.klzstudio.com\/en\/wp-json\/wp\/v2\/users\/149"}],"replies":[{"embeddable":true,"href":"https:\/\/www.klzstudio.com\/en\/wp-json\/wp\/v2\/comments?post=9388"}],"version-history":[{"count":24,"href":"https:\/\/www.klzstudio.com\/en\/wp-json\/wp\/v2\/pages\/9388\/revisions"}],"predecessor-version":[{"id":10080,"href":"https:\/\/www.klzstudio.com\/en\/wp-json\/wp\/v2\/pages\/9388\/revisions\/10080"}],"up":[{"embeddable":true,"href":"https:\/\/www.klzstudio.com\/en\/wp-json\/wp\/v2\/pages\/7873"}],"wp:attachment":[{"href":"https:\/\/www.klzstudio.com\/en\/wp-json\/wp\/v2\/media?parent=9388"}],"curies":[{"name":"wp","href":"https:\/\/api.w.org\/{rel}","templated":true}]}}