{"id":9988,"date":"2026-02-18T20:09:19","date_gmt":"2026-02-18T19:09:19","guid":{"rendered":"https:\/\/www.klzstudio.com\/?page_id=9988"},"modified":"2026-02-25T15:24:19","modified_gmt":"2026-02-25T14:24:19","slug":"mob-hotel-scenographie-ephemere","status":"publish","type":"page","link":"https:\/\/www.klzstudio.com\/en\/realisations\/mob-hotel-scenographie-ephemere\/","title":{"rendered":""},"content":{"rendered":"<div class=\"gb-container gb-container-ca99b01d alignfull\">\n<div class=\"gb-container gb-container-9663aa82\" id=\"realisations-menu\">\n<div class=\"gb-container gb-container-fa5c3c3b\" id=\"previous-button\">\n\n<figure class=\"wp-block-image size-full\"><img decoding=\"async\" width=\"22\" height=\"34\" data-src=\"https:\/\/www.klzstudio.com\/wp-content\/uploads\/2024\/04\/left-arrow-color2.png\" alt=\"\" class=\"wp-image-8054 lazyload\" data-srcset=\"https:\/\/www.klzstudio.com\/wp-content\/uploads\/2024\/04\/left-arrow-color2.png 22w, https:\/\/www.klzstudio.com\/wp-content\/uploads\/2024\/04\/left-arrow-color2-8x12.png 8w\" data-sizes=\"(max-width: 22px) 100vw, 22px\" src=\"data:image\/svg+xml;base64,PHN2ZyB3aWR0aD0iMSIgaGVpZ2h0PSIxIiB4bWxucz0iaHR0cDovL3d3dy53My5vcmcvMjAwMC9zdmciPjwvc3ZnPg==\" style=\"--smush-placeholder-width: 22px; --smush-placeholder-aspect-ratio: 22\/34;\" \/><\/figure>\n\n\n\n<h4 class=\"gb-headline gb-headline-49a8c995 gb-headline-text\" id=\"previous-project\"><a href=\"https:\/\/www.klzstudio.com\/en\/realisations\/chambre-haut-de-gamme-esprit-hotel\/\">PREVIOUS PROJECT<\/a><\/h4>\n\n<\/div>\n\n<div class=\"gb-container gb-container-9969c410\">\n\n<h2 class=\"gb-headline gb-headline-9fc19c13 gb-headline-text\">MOB Hotel<\/h2>\n\n\n\n<h2 class=\"gb-headline gb-headline-bf2adc85 gb-headline-text\">Sc\u00e9nographie \u00e9ph\u00e9m\u00e8re<\/h2>\n\n<\/div>\n\n<div class=\"gb-container gb-container-f2f63728\" id=\"next-button\">\n\n<h4 class=\"gb-headline gb-headline-ca4174c3 gb-headline-text\" id=\"next-project\"><a title=\"Mamie Colette\" href=\"https:\/\/www.klzstudio.com\/en\/realisations\/mamie-colette\/\">P<\/a><a href=\"https:\/\/www.klzstudio.com\/en\/realisations\/peniche2\/\">ROJET SUIVANT<\/a><\/h4>\n\n\n\n<figure class=\"wp-block-image size-full\"><a href=\"https:\/\/www.klzstudio.com\/en\/realisations\/mamie-colette\/\"><img decoding=\"async\" width=\"22\" height=\"34\" data-src=\"https:\/\/www.klzstudio.com\/wp-content\/uploads\/2024\/04\/right-arrow-color2.png\" alt=\"\" class=\"wp-image-8055 lazyload\" data-srcset=\"https:\/\/www.klzstudio.com\/wp-content\/uploads\/2024\/04\/right-arrow-color2.png 22w, https:\/\/www.klzstudio.com\/wp-content\/uploads\/2024\/04\/right-arrow-color2-8x12.png 8w\" data-sizes=\"(max-width: 22px) 100vw, 22px\" src=\"data:image\/svg+xml;base64,PHN2ZyB3aWR0aD0iMSIgaGVpZ2h0PSIxIiB4bWxucz0iaHR0cDovL3d3dy53My5vcmcvMjAwMC9zdmciPjwvc3ZnPg==\" style=\"--smush-placeholder-width: 22px; --smush-placeholder-aspect-ratio: 22\/34;\" \/><\/a><\/figure>\n\n<\/div>\n<\/div>\n\n<div class=\"gb-container gb-container-bb29854f\">\n\n<style>\n\n#previous-project, #next-project {\ndisplay : none;\n}\n\n\n\n  @media only screen and (min-width: 48em) {\n   \n#previous-project, #next-project {\ndisplay : block;\n}\n\n  }\n<\/style>\n\n<\/div>\n\n<div class=\"gb-container gb-container-48901c06\" id=\"neo-retro-appartement\">\n<div class=\"gb-container gb-container-d0ebc552\">\n\n<p class=\"gb-headline gb-headline-66fde696 gb-headline-text\">PROGRAM :<\/p>\n\n\n\n<p class=\"gb-headline gb-headline-716d99c4 gb-headline-text\">D\u00e9coration \u00e9v\u00e9nementielle   <\/p>\n\n<\/div>\n\n<div class=\"gb-container gb-container-581514ca\">\n<div class=\"gb-container gb-container-a8d48a65\">\n\n<p class=\"gb-headline gb-headline-c014298b gb-headline-text\">LOCATION :<\/p>\n\n\n\n<p class=\"gb-headline gb-headline-3c37c10b gb-headline-text\">Cannes<\/p>\n\n<\/div>\n\n<div class=\"gb-container gb-container-18c559bc\">\n\n<p class=\"gb-headline gb-headline-7c4665bc gb-headline-text\"><\/p>\n\n<\/div>\n\n<div class=\"gb-container gb-container-6d548ebf\">\n\n<p class=\"gb-headline gb-headline-aff46b86 gb-headline-text\">PROJECT TYPE :<\/p>\n\n\n\n<p class=\"gb-headline gb-headline-e9d1e88d gb-headline-text\">Hospitality<\/p>\n\n<\/div>\n\n<div class=\"gb-container gb-container-5dbfb05a\">\n\n<p class=\"gb-headline gb-headline-0c22f4dd gb-headline-text\"><\/p>\n\n<\/div>\n\n<div class=\"gb-container gb-container-cf4d10ce\">\n\n<p class=\"gb-headline gb-headline-6d6e3451 gb-headline-text\">AREA :<\/p>\n\n\n\n<p class=\"gb-headline gb-headline-dc5b2ae6 gb-headline-text\">15 M2<\/p>\n\n<\/div>\n\n<div class=\"gb-container gb-container-16a8bc62\"><\/div>\n<\/div>\n\n<div class=\"gb-container gb-container-4c6a8224\">\n\n<h2 class=\"gb-headline gb-headline-b00f6054 gb-headline-text\"><strong>Sc\u00e9nographie \u00e9ph\u00e9m\u00e8re \u2013 Chambre d\u2019h\u00f4tel au MOB HOTEL Cannes<\/strong><br><br><strong>KLZ Studio a imagin\u00e9<\/strong>&nbsp;une sc\u00e9nographie \u00e9ph\u00e9m\u00e8re au sein d\u2019une chambre du MOB HOTEL Cannes, \u00e0 l\u2019occasion d\u2019un \u00e9v\u00e9nement organis\u00e9 avec les Cr\u00e9ateurs de Cannes autour du th\u00e8me du mariage et de la Saint-Valentin.<br>Pens\u00e9e comme une exp\u00e9rience sensorielle immersive, l\u2019intervention a m\u00e9tamorphos\u00e9 l\u2019espace h\u00f4telier en&nbsp;<strong>th\u00e9\u00e2tre intime d\u00e9di\u00e9 \u00e0 l\u2019amour<\/strong>, le temps d\u2019une soir\u00e9e. Une fresque r\u00e9alis\u00e9e sur miroir, inspir\u00e9e de l\u2019univers de Matisse, dialoguait avec un bleu azur\u00e9en omnipr\u00e9sent, v\u00e9ritable ligne directrice du d\u00e9cor.<br>La lumi\u00e8re, la mise en sc\u00e8ne florale et une signature olfactive subtile composaient une atmosph\u00e8re enveloppante, con\u00e7ue pour enrichir l\u2019exp\u00e9rience client et inscrire l\u2019instant dans la m\u00e9moire des convives.<br>Cette installation valorisait \u00e9galement une s\u00e9lection de talents et artisans des Alpes-Maritimes (06), r\u00e9v\u00e9lant leur savoir-faire dans un cadre h\u00f4telier r\u00e9invent\u00e9.<br>Architecte d\u2019int\u00e9rieur sp\u00e9cialis\u00e9e en h\u00f4tellerie, restauration et \u00e9tablissements CHR \u00e0 Cannes et sur la C\u00f4te d\u2019Azur, KLZ Studio con\u00e7oit des am\u00e9nagements et sc\u00e9nographies sur mesure qui renforcent l\u2019identit\u00e9 des lieux et cr\u00e9ent des exp\u00e9riences sensibles et m\u00e9morables. <\/h2>\n\n\n\n<p><\/p>\n\n<\/div>\n<\/div>\n\n<div class=\"gb-container gb-container-2fea11ce\">\n<div class=\"gb-container gb-container-cdfe981a\">\n<div class=\"gb-container gb-container-daf3412a\"><\/div>\n\n<div class=\"gb-container gb-container-2e85176d\"><\/div>\n<\/div>\n\n<div class=\"gb-container gb-container-596c2c4d\">\n<div class=\"gb-container gb-container-be8ca61f\"><\/div>\n\n<div class=\"gb-container gb-container-6319d123\"><\/div>\n<\/div>\n<\/div>\n\n<div class=\"gb-container gb-container-bd39d7ea\">\n<div class=\"gb-container gb-container-7475f131\">\n<div class=\"gb-container gb-container-85c2ecaa\"><\/div>\n\n<div class=\"gb-container gb-container-65ced64a\"><\/div>\n<\/div>\n\n<div class=\"gb-container gb-container-33ea3bb2\">\n<div class=\"gb-container gb-container-eb947348\"><\/div>\n\n<div class=\"gb-container gb-container-754d1f54\"><\/div>\n<\/div>\n<\/div>\n<\/div>","protected":false},"excerpt":{"rendered":"<p>PROJET PR\u00c9C\u00c9DENT MOB Hotel Sc\u00e9nographie \u00e9ph\u00e9m\u00e8re PROJET SUIVANT PROGRAMME : D\u00e9coration \u00e9v\u00e9nementielle LIEU : Cannes TYPE DE PROJET : Hospitality SURFACE : 15 M2 Sc\u00e9nographie \u00e9ph\u00e9m\u00e8re \u2013 Chambre d\u2019h\u00f4tel au MOB HOTEL Cannes KLZ Studio a imagin\u00e9&nbsp;une sc\u00e9nographie \u00e9ph\u00e9m\u00e8re au sein d\u2019une chambre du MOB HOTEL Cannes, \u00e0 l\u2019occasion d\u2019un \u00e9v\u00e9nement organis\u00e9 avec les Cr\u00e9ateurs &#8230; <a title=\"\" class=\"read-more\" href=\"https:\/\/www.klzstudio.com\/en\/realisations\/mob-hotel-scenographie-ephemere\/\" aria-label=\"More on \">Read more<\/a><\/p>","protected":false},"author":149,"featured_media":0,"parent":7873,"menu_order":0,"comment_status":"closed","ping_status":"closed","template":"","meta":{"_monsterinsights_skip_tracking":false,"_monsterinsights_sitenote_active":false,"_monsterinsights_sitenote_note":"","_monsterinsights_sitenote_category":0,"footnotes":""},"class_list":["post-9988","page","type-page","status-publish"],"_links":{"self":[{"href":"https:\/\/www.klzstudio.com\/en\/wp-json\/wp\/v2\/pages\/9988","targetHints":{"allow":["GET"]}}],"collection":[{"href":"https:\/\/www.klzstudio.com\/en\/wp-json\/wp\/v2\/pages"}],"about":[{"href":"https:\/\/www.klzstudio.com\/en\/wp-json\/wp\/v2\/types\/page"}],"author":[{"embeddable":true,"href":"https:\/\/www.klzstudio.com\/en\/wp-json\/wp\/v2\/users\/149"}],"replies":[{"embeddable":true,"href":"https:\/\/www.klzstudio.com\/en\/wp-json\/wp\/v2\/comments?post=9988"}],"version-history":[{"count":5,"href":"https:\/\/www.klzstudio.com\/en\/wp-json\/wp\/v2\/pages\/9988\/revisions"}],"predecessor-version":[{"id":10073,"href":"https:\/\/www.klzstudio.com\/en\/wp-json\/wp\/v2\/pages\/9988\/revisions\/10073"}],"up":[{"embeddable":true,"href":"https:\/\/www.klzstudio.com\/en\/wp-json\/wp\/v2\/pages\/7873"}],"wp:attachment":[{"href":"https:\/\/www.klzstudio.com\/en\/wp-json\/wp\/v2\/media?parent=9988"}],"curies":[{"name":"wp","href":"https:\/\/api.w.org\/{rel}","templated":true}]}}